{"id":70,"date":"2025-03-21T13:56:55","date_gmt":"2025-03-21T13:56:55","guid":{"rendered":"https:\/\/dummy.xtemos.com\/woodmart2\/t-shirts-elementor\/?page_id=70"},"modified":"2026-04-01T08:31:21","modified_gmt":"2026-04-01T08:31:21","slug":"about-us","status":"publish","type":"page","link":"https:\/\/indigolind.com\/et\/about-us\/","title":{"rendered":"Meist"},"content":{"rendered":"<div data-elementor-type=\"wp-page\" data-elementor-id=\"70\" class=\"elementor elementor-70\" data-elementor-post-type=\"page\">\n\t\t\t\t<div class=\"wd-negative-gap elementor-element elementor-element-976f3b7 e-flex e-con-boxed e-con e-parent\" data-id=\"976f3b7\" data-element_type=\"container\" data-e-type=\"container\" data-settings=\"{&quot;background_background&quot;:&quot;classic&quot;}\">\n\t\t\t\t\t<div class=\"e-con-inner\">\n\t\t\t\t\t<\/div>\n\t\t\t\t<\/div>\n\t\t<div class=\"wd-negative-gap elementor-element elementor-element-86e6c18 e-flex e-con-boxed e-con e-parent\" data-id=\"86e6c18\" data-element_type=\"container\" data-e-type=\"container\">\n\t\t\t\t\t<div class=\"e-con-inner\">\n\t\t<div class=\"elementor-element elementor-element-142f7d7 e-con-full e-flex e-con e-child\" data-id=\"142f7d7\" data-element_type=\"container\" data-e-type=\"container\">\n\t\t\t\t<div class=\"elementor-element elementor-element-fd8f81b wd-width-100 elementor-widget elementor-widget-wd_title\" data-id=\"fd8f81b\" data-element_type=\"widget\" data-e-type=\"widget\" data-widget_type=\"wd_title.default\">\n\t\t\t\t<div class=\"elementor-widget-container\">\n\t\t\t\t\t\t\t<div class=\"title-wrapper wd-set-mb reset-last-child wd-title-color-default wd-title-style-default wd-title-size-default text-left\">\n\n\t\t\t\n\t\t\t<div class=\"liner-continer\">\n\t\t\t\t<h4 class=\"woodmart-title-container title wd-fontsize-l\">Kaksik\u00f5dede visioon<\/h4> \n\t\t\t\t\t\t\t<\/div>\n\n\t\t\t\t\t<\/div>\n\t\t\t\t\t\t<\/div>\n\t\t\t\t<\/div>\n\t\t\t\t<\/div>\n\t\t<div class=\"elementor-element elementor-element-34640f4 e-con-full e-flex e-con e-child\" data-id=\"34640f4\" data-element_type=\"container\" data-e-type=\"container\">\n\t\t\t\t<div class=\"elementor-element elementor-element-a0be9df elementor-widget elementor-widget-wd_text_block\" data-id=\"a0be9df\" data-element_type=\"widget\" data-e-type=\"widget\" data-widget_type=\"wd_text_block.default\">\n\t\t\t\t<div class=\"elementor-widget-container\">\n\t\t\t\t\t\t\t<div class=\"wd-text-block reset-last-child text-left\">\n\t\t\t\n\t\t\t<p class=\"p1\">Indigolind br\u00e4ndi s\u00fcndinud visioon kaks \u00f5de soovivad luua midagi ilusat naistelt naistele. K\u00f5ik meie r\u00f5ivad on meisterdatud erilise hoole ja armastusega, et tuua v\u00e4lja naiste kordumatu ilu ja annab neile s\u00e4ra oma naiselikkus. K\u00f5ik meie k\u00e4rped ja kujundused on ajatu, pidi olema kulunud aastaid v\u00f5i sooritanud alla temale rida. Valmistatud looduslikest materjalidest, v\u00f5imaldavad nad organismil hingata erinevates oludes ja annab vabaduse tunde, et iga kandja.\"<\/p>\n\t\t\t\t\t<\/div>\n\t\t\t\t\t\t<\/div>\n\t\t\t\t<\/div>\n\t\t\t\t<\/div>\n\t\t\t\t\t<\/div>\n\t\t\t\t<\/div>\n\t\t<div class=\"wd-negative-gap elementor-element elementor-element-b6b1e73 e-flex e-con-boxed e-con e-parent\" data-id=\"b6b1e73\" data-element_type=\"container\" data-e-type=\"container\">\n\t\t\t\t\t<div class=\"e-con-inner\">\n\t\t\t\t<div class=\"elementor-element elementor-element-9efe8d4 wd-width-100 elementor-widget elementor-widget-wd_title\" data-id=\"9efe8d4\" data-element_type=\"widget\" data-e-type=\"widget\" data-widget_type=\"wd_title.default\">\n\t\t\t\t<div class=\"elementor-widget-container\">\n\t\t\t\t\t\t\t<div class=\"title-wrapper wd-set-mb reset-last-child wd-title-color-default wd-title-style-default wd-title-size-default text-left\">\n\n\t\t\t\n\t\t\t<div class=\"liner-continer\">\n\t\t\t\t<h4 class=\"woodmart-title-container title wd-fontsize-l\">Miks valida meie kleidid?<\/h4> \n\t\t\t\t\t\t\t<\/div>\n\n\t\t\t\t\t<\/div>\n\t\t\t\t\t\t<\/div>\n\t\t\t\t<\/div>\n\t\t\t\t\t<\/div>\n\t\t\t\t<\/div>\n\t\t<div class=\"wd-negative-gap elementor-element elementor-element-c3d324e e-flex e-con-boxed e-con e-parent\" data-id=\"c3d324e\" data-element_type=\"container\" data-e-type=\"container\">\n\t\t\t\t\t<div class=\"e-con-inner\">\n\t\t<div class=\"elementor-element elementor-element-1a3eeb2 e-con-full e-flex e-con e-child\" data-id=\"1a3eeb2\" data-element_type=\"container\" data-e-type=\"container\">\n\t\t\t\t<div class=\"elementor-element elementor-element-8cb69b6 elementor-widget elementor-widget-wd_infobox\" data-id=\"8cb69b6\" data-element_type=\"widget\" data-e-type=\"widget\" data-widget_type=\"wd_infobox.default\">\n\t\t\t\t<div class=\"elementor-widget-container\">\n\t\t\t\t\t\t\t<div class=\"info-box-wrapper\">\n\t\t\t<div class=\"wd-info-box text-left box-icon-align-left box-style-base color-scheme- wd-items-top\">\n\t\t\t\t\n\t\t\t\t<div class=\"info-box-content\">\n\t\t\t\t\t\n\t\t\t\t\t\t\t\t\t\t\t<h4\t\t\t\t\t\tclass=\"info-box-title title box-title-style-default wd-fontsize-m\" data-elementor-setting-key=\"title\">\n\t\t\t\t\t\t\t\tEesti disain\t\t\t\t\t\t<\/h4>\n\t\t\t\t\t\n\t\t\t\t\t<div class=\"info-box-inner reset-last-child\"data-elementor-setting-key=\"content\"><div class=\"elementor-element elementor-element-68269bb e-con-full e-flex e-con e-child\" data-id=\"68269bb\" data-element_type=\"container\">\n<div class=\"elementor-element elementor-element-4cb86af elementor-widget elementor-widget-wd_infobox\" data-id=\"4cb86af\" data-element_type=\"widget\" data-widget_type=\"wd_infobox.default\">\n<div class=\"elementor-widget-container\">\n<div class=\"info-box-wrapper\">\n<div class=\"wd-info-box text-left box-icon-align-left box-style-base color-scheme- wd-items-top\">\n<div class=\"info-box-content\">\n<div class=\"info-box-inner reset-last-child\" data-elementor-setting-key=\"content\">\n<p class=\"p1\">Disainitud ja toodetud Eestis, r\u00f5huasetusega ajatutel siluettidel, l\u00e4bim\u00f5eldud detailidel ja pingutuseta naiselikkusel.<\/p>\n<\/div>\n<\/div>\n<\/div>\n<\/div>\n<\/div>\n<\/div>\n<\/div>\n<\/div>\n\n\t\t\t\t\t\t\t\t\t<\/div>\n\n\t\t\t\t\t\t\t<\/div>\n\t\t<\/div>\n\t\t\t\t\t\t<\/div>\n\t\t\t\t<\/div>\n\t\t\t\t<\/div>\n\t\t<div class=\"elementor-element elementor-element-6d46ae3 e-con-full e-flex e-con e-child\" data-id=\"6d46ae3\" data-element_type=\"container\" data-e-type=\"container\">\n\t\t\t\t<div class=\"elementor-element elementor-element-7d0a4eb elementor-widget elementor-widget-wd_infobox\" data-id=\"7d0a4eb\" data-element_type=\"widget\" data-e-type=\"widget\" data-widget_type=\"wd_infobox.default\">\n\t\t\t\t<div class=\"elementor-widget-container\">\n\t\t\t\t\t\t\t<div class=\"info-box-wrapper\">\n\t\t\t<div class=\"wd-info-box text-left box-icon-align-left box-style-base color-scheme- wd-items-top\">\n\t\t\t\t\n\t\t\t\t<div class=\"info-box-content\">\n\t\t\t\t\t\n\t\t\t\t\t\t\t\t\t\t\t<h4\t\t\t\t\t\tclass=\"info-box-title title box-title-style-default wd-fontsize-m\" data-elementor-setting-key=\"title\">\n\t\t\t\t\t\t\t\tOeko-Tex\u00ae sertifitseeritud kangad\t\t\t\t\t\t<\/h4>\n\t\t\t\t\t\n\t\t\t\t\t<div class=\"info-box-inner reset-last-child\"data-elementor-setting-key=\"content\"><div class=\"elementor-element elementor-element-bad3199 e-con-full e-flex e-con e-child\" data-id=\"bad3199\" data-element_type=\"container\">\n<div class=\"elementor-element elementor-element-5984023 e-con-full e-flex e-con e-child\" data-id=\"5984023\" data-element_type=\"container\">\n<div class=\"elementor-element elementor-element-f55f8a2 elementor-widget elementor-widget-wd_infobox\" data-id=\"f55f8a2\" data-element_type=\"widget\" data-widget_type=\"wd_infobox.default\">\n<div class=\"elementor-widget-container\">\n<div class=\"info-box-wrapper\">\n<div class=\"wd-info-box text-left box-icon-align-left box-style-base color-scheme- wd-items-top\">\n<div class=\"info-box-content\">\n<div class=\"info-box-inner reset-last-child\" data-elementor-setting-key=\"content\">\n<p class=\"p1\">Kasutame Qeko-Tex Standard 100 sertifitseeritud kangaid, mis tagab, et meie r\u00f5ivad ei sisalda kahjulikke aineid.<\/p>\n<\/div>\n<\/div>\n<\/div>\n<\/div>\n<\/div>\n<\/div>\n<\/div>\n<\/div>\n<div class=\"elementor-element elementor-element-7c3b995 e-con-full e-flex e-con e-child\" data-id=\"7c3b995\" data-element_type=\"container\">\n<div class=\"elementor-element elementor-element-e1c14e2 e-con-full e-flex e-con e-child\" data-id=\"e1c14e2\" data-element_type=\"container\">\n<div class=\"elementor-element elementor-element-86f624c elementor-widget elementor-widget-wd_infobox\" data-id=\"86f624c\" data-element_type=\"widget\" data-widget_type=\"wd_infobox.default\">\n<div class=\"elementor-widget-container\">\n<div class=\"info-box-wrapper\">\n<div class=\"wd-info-box text-left box-icon-align-left box-style-base color-scheme- wd-items-top\">\u00a0<\/div>\n<\/div>\n<\/div>\n<\/div>\n<\/div>\n<\/div>\n<\/div>\n\n\t\t\t\t\t\t\t\t\t<\/div>\n\n\t\t\t\t\t\t\t<\/div>\n\t\t<\/div>\n\t\t\t\t\t\t<\/div>\n\t\t\t\t<\/div>\n\t\t\t\t<\/div>\n\t\t<div class=\"elementor-element elementor-element-c16310c e-con-full e-flex e-con e-child\" data-id=\"c16310c\" data-element_type=\"container\" data-e-type=\"container\">\n\t\t\t\t<div class=\"elementor-element elementor-element-f199789 elementor-widget elementor-widget-wd_infobox\" data-id=\"f199789\" data-element_type=\"widget\" data-e-type=\"widget\" data-widget_type=\"wd_infobox.default\">\n\t\t\t\t<div class=\"elementor-widget-container\">\n\t\t\t\t\t\t\t<div class=\"info-box-wrapper\">\n\t\t\t<div class=\"wd-info-box text-left box-icon-align-left box-style-base color-scheme- wd-items-top\">\n\t\t\t\t\n\t\t\t\t<div class=\"info-box-content\">\n\t\t\t\t\t\n\t\t\t\t\t\t\t\t\t\t\t<h4\t\t\t\t\t\tclass=\"info-box-title title box-title-style-default wd-fontsize-m\" data-elementor-setting-key=\"title\">\n\t\t\t\t\t\t\t\tPalju \u00f5nnelikke naisi\t\t\t\t\t\t<\/h4>\n\t\t\t\t\t\n\t\t\t\t\t<div class=\"info-box-inner reset-last-child\"data-elementor-setting-key=\"content\"><p class=\"p1\">Meie tooteid usaldab enam kui 1000 rahulolevat naist, kes kannavad meie disainilahendusi armastusega.<\/p>\n<\/div>\n\n\t\t\t\t\t\t\t\t\t<\/div>\n\n\t\t\t\t\t\t\t<\/div>\n\t\t<\/div>\n\t\t\t\t\t\t<\/div>\n\t\t\t\t<\/div>\n\t\t\t\t<\/div>\n\t\t\t\t\t<\/div>\n\t\t\t\t<\/div>\n\t\t<div class=\"wd-negative-gap elementor-element elementor-element-0c7ec7a wd-section-stretch-content e-flex e-con-boxed e-con e-parent\" data-id=\"0c7ec7a\" data-element_type=\"container\" data-e-type=\"container\">\n\t\t\t\t\t<div class=\"e-con-inner\">\n\t\t\t\t<div class=\"elementor-element elementor-element-a5bc5b0 wd-width-100 elementor-widget elementor-widget-wd_images_gallery\" data-id=\"a5bc5b0\" data-element_type=\"widget\" data-e-type=\"widget\" data-widget_type=\"wd_images_gallery.default\">\n\t\t\t\t<div class=\"elementor-widget-container\">\n\t\t\t\t\t\t\t<div class=\"wd-images-gallery wd-carousel-container\" style=\"--wd-align-items:center; --wd-justify-content:center;\">\n\t\t\t\t\t\t\t<div class=\"wd-carousel-inner\">\n\t\t\t\t\t\t<div class=\"wd-carousel wd-grid\" data-scroll_per_page=\"yes\" style=\"--wd-col-lg:4;--wd-col-md:3;--wd-col-sm:1;--wd-gap-lg:20px;--wd-gap-sm:10px;\">\n\t\t\t\t\t\t\t\t\t<div class=\"wd-carousel-wrap\">\n\t\t\t\t\t\t\t\t\t\t\t\t\t\t\t\t\t\t<div class=\"wd-gallery-item wd-carousel-item\">\n\t\t\t\t\t\t\n\t\t\t\t\t\t<img loading=\"lazy\" decoding=\"async\" width=\"333\" height=\"500\" src=\"https:\/\/indigolind.com\/wp-content\/uploads\/2025\/07\/DSC4931.jpg\" class=\"attachment-full size-full\" alt=\"_DSC4931\" srcset=\"https:\/\/indigolind.com\/wp-content\/uploads\/2025\/07\/DSC4931.jpg 333w, https:\/\/indigolind.com\/wp-content\/uploads\/2025\/07\/DSC4931-180x270.jpg 180w\" sizes=\"auto, (max-width: 333px) 100vw, 333px\" \/>\n\t\t\t\t\t\t\t\t\t\t\t<\/div>\n\t\t\t\t\t\t\t\t\t\t\t\t\t\t\t<div class=\"wd-gallery-item wd-carousel-item\">\n\t\t\t\t\t\t\n\t\t\t\t\t\t<img loading=\"lazy\" decoding=\"async\" width=\"1123\" height=\"1667\" src=\"https:\/\/indigolind.com\/wp-content\/uploads\/2025\/07\/IMG_4932.jpg\" class=\"attachment-full size-full\" alt=\"IMG_4932\" srcset=\"https:\/\/indigolind.com\/wp-content\/uploads\/2025\/07\/IMG_4932.jpg 1123w, https:\/\/indigolind.com\/wp-content\/uploads\/2025\/07\/IMG_4932-430x638.jpg 430w, https:\/\/indigolind.com\/wp-content\/uploads\/2025\/07\/IMG_4932-180x267.jpg 180w, https:\/\/indigolind.com\/wp-content\/uploads\/2025\/07\/IMG_4932-700x1039.jpg 700w\" sizes=\"auto, (max-width: 1123px) 100vw, 1123px\" \/>\n\t\t\t\t\t\t\t\t\t\t\t<\/div>\n\t\t\t\t\t\t\t\t\t\t\t\t\t\t\t<div class=\"wd-gallery-item wd-carousel-item\">\n\t\t\t\t\t\t\n\t\t\t\t\t\t<img loading=\"lazy\" decoding=\"async\" width=\"1179\" height=\"1806\" src=\"https:\/\/indigolind.com\/wp-content\/uploads\/2025\/07\/IMG_4931.jpg\" class=\"attachment-full size-full\" alt=\"IMG_4931\" srcset=\"https:\/\/indigolind.com\/wp-content\/uploads\/2025\/07\/IMG_4931.jpg 1179w, https:\/\/indigolind.com\/wp-content\/uploads\/2025\/07\/IMG_4931-430x659.jpg 430w, https:\/\/indigolind.com\/wp-content\/uploads\/2025\/07\/IMG_4931-180x276.jpg 180w, https:\/\/indigolind.com\/wp-content\/uploads\/2025\/07\/IMG_4931-700x1072.jpg 700w\" sizes=\"auto, (max-width: 1179px) 100vw, 1179px\" \/>\n\t\t\t\t\t\t\t\t\t\t\t<\/div>\n\t\t\t\t\t\t\t\t\t\t\t\t\t\t\t<div class=\"wd-gallery-item wd-carousel-item\">\n\t\t\t\t\t\t\n\t\t\t\t\t\t<img loading=\"lazy\" decoding=\"async\" width=\"394\" height=\"658\" src=\"https:\/\/indigolind.com\/wp-content\/uploads\/2024\/06\/Screenshot-2025-03-31-at-15.17.28.png\" class=\"attachment-full size-full\" alt=\"Screenshot 2025-03-31 at 15.17.28\" srcset=\"https:\/\/indigolind.com\/wp-content\/uploads\/2024\/06\/Screenshot-2025-03-31-at-15.17.28.png 394w, https:\/\/indigolind.com\/wp-content\/uploads\/2024\/06\/Screenshot-2025-03-31-at-15.17.28-180x300.png 180w\" sizes=\"auto, (max-width: 394px) 100vw, 394px\" \/>\n\t\t\t\t\t\t\t\t\t\t\t<\/div>\n\t\t\t\t\t\t\t\t\t\t\t\t\t\t\t<div class=\"wd-gallery-item wd-carousel-item\">\n\t\t\t\t\t\t\n\t\t\t\t\t\t<img loading=\"lazy\" decoding=\"async\" width=\"483\" height=\"622\" src=\"https:\/\/indigolind.com\/wp-content\/uploads\/2024\/12\/Screenshot-2024-12-11-at-15.55.16.png\" class=\"attachment-full size-full\" alt=\"Screenshot 2024-12-11 at 15.55.16\" srcset=\"https:\/\/indigolind.com\/wp-content\/uploads\/2024\/12\/Screenshot-2024-12-11-at-15.55.16.png 483w, https:\/\/indigolind.com\/wp-content\/uploads\/2024\/12\/Screenshot-2024-12-11-at-15.55.16-430x554.png 430w, https:\/\/indigolind.com\/wp-content\/uploads\/2024\/12\/Screenshot-2024-12-11-at-15.55.16-180x232.png 180w, https:\/\/indigolind.com\/wp-content\/uploads\/2024\/12\/Screenshot-2024-12-11-at-15.55.16-233x300.png 233w\" sizes=\"auto, (max-width: 483px) 100vw, 483px\" \/>\n\t\t\t\t\t\t\t\t\t\t\t<\/div>\n\t\t\t\t\t\t\t\t\t\t\t\t\t\t\t<div class=\"wd-gallery-item wd-carousel-item\">\n\t\t\t\t\t\t\n\t\t\t\t\t\t<img loading=\"lazy\" decoding=\"async\" width=\"449\" height=\"677\" src=\"https:\/\/indigolind.com\/wp-content\/uploads\/2024\/12\/Screenshot-2024-12-10-at-15.04.29.png\" class=\"attachment-full size-full\" alt=\"Screenshot 2024-12-10 at 15.04.29\" srcset=\"https:\/\/indigolind.com\/wp-content\/uploads\/2024\/12\/Screenshot-2024-12-10-at-15.04.29.png 449w, https:\/\/indigolind.com\/wp-content\/uploads\/2024\/12\/Screenshot-2024-12-10-at-15.04.29-430x648.png 430w, https:\/\/indigolind.com\/wp-content\/uploads\/2024\/12\/Screenshot-2024-12-10-at-15.04.29-180x271.png 180w, https:\/\/indigolind.com\/wp-content\/uploads\/2024\/12\/Screenshot-2024-12-10-at-15.04.29-199x300.png 199w\" sizes=\"auto, (max-width: 449px) 100vw, 449px\" \/>\n\t\t\t\t\t\t\t\t\t\t\t<\/div>\n\t\t\t\t\t\t\t\t\t\t\t\t\t\t\t<div class=\"wd-gallery-item wd-carousel-item\">\n\t\t\t\t\t\t\n\t\t\t\t\t\t<img loading=\"lazy\" decoding=\"async\" width=\"442\" height=\"683\" src=\"https:\/\/indigolind.com\/wp-content\/uploads\/2024\/12\/Screenshot-2024-12-10-at-15.04.36.png\" class=\"attachment-full size-full\" alt=\"Screenshot 2024-12-10 at 15.04.36\" srcset=\"https:\/\/indigolind.com\/wp-content\/uploads\/2024\/12\/Screenshot-2024-12-10-at-15.04.36.png 442w, https:\/\/indigolind.com\/wp-content\/uploads\/2024\/12\/Screenshot-2024-12-10-at-15.04.36-430x664.png 430w, https:\/\/indigolind.com\/wp-content\/uploads\/2024\/12\/Screenshot-2024-12-10-at-15.04.36-180x278.png 180w, https:\/\/indigolind.com\/wp-content\/uploads\/2024\/12\/Screenshot-2024-12-10-at-15.04.36-194x300.png 194w\" sizes=\"auto, (max-width: 442px) 100vw, 442px\" \/>\n\t\t\t\t\t\t\t\t\t\t\t<\/div>\n\t\t\t\t\t\t\t\t\t\t\t\t\t\t\t\t<\/div>\n\t\t\t\t\t\t\t\t<\/div>\n\t\t\t\t\t\t\t\t\t\t\t\t\t\t<div class=\"wd-nav-arrows wd-pos-sep wd-hover-1 wd-icon-1\">\n\t\t\t<div class=\"wd-btn-arrow wd-prev wd-disabled\">\n\t\t\t\t<div class=\"wd-arrow-inner\"><\/div>\n\t\t\t<\/div>\n\t\t\t<div class=\"wd-btn-arrow wd-next\">\n\t\t\t\t<div class=\"wd-arrow-inner\"><\/div>\n\t\t\t<\/div>\n\t\t<\/div>\n\t\t\t\t\t\t\n\t\t\t\t<\/div>\n\n\t\t\t\t\t\t\t\t\t\t\t\t\t<\/div>\n\t\t\t\t\t\t<\/div>\n\t\t\t\t<\/div>\n\t\t\t\t\t<\/div>\n\t\t\t\t<\/div>\n\t\t\t\t<\/div>","protected":false},"excerpt":{"rendered":"<p>Vision of two sisters Indigolind brand was born from the vision of two sisters aspiring to create something beautiful from<\/p>","protected":false},"author":1,"featured_media":0,"parent":0,"menu_order":0,"comment_status":"closed","ping_status":"closed","template":"","meta":{"_acf_changed":false,"footnotes":""},"class_list":["post-70","page","type-page","status-publish","hentry"],"acf":[],"_links":{"self":[{"href":"https:\/\/indigolind.com\/et\/wp-json\/wp\/v2\/pages\/70","targetHints":{"allow":["GET"]}}],"collection":[{"href":"https:\/\/indigolind.com\/et\/wp-json\/wp\/v2\/pages"}],"about":[{"href":"https:\/\/indigolind.com\/et\/wp-json\/wp\/v2\/types\/page"}],"author":[{"embeddable":true,"href":"https:\/\/indigolind.com\/et\/wp-json\/wp\/v2\/users\/1"}],"replies":[{"embeddable":true,"href":"https:\/\/indigolind.com\/et\/wp-json\/wp\/v2\/comments?post=70"}],"version-history":[{"count":5,"href":"https:\/\/indigolind.com\/et\/wp-json\/wp\/v2\/pages\/70\/revisions"}],"predecessor-version":[{"id":19044,"href":"https:\/\/indigolind.com\/et\/wp-json\/wp\/v2\/pages\/70\/revisions\/19044"}],"wp:attachment":[{"href":"https:\/\/indigolind.com\/et\/wp-json\/wp\/v2\/media?parent=70"}],"curies":[{"name":"wp","href":"https:\/\/api.w.org\/{rel}","templated":true}]}}