{"id":3,"date":"2025-07-28T09:15:31","date_gmt":"2025-07-28T09:15:31","guid":{"rendered":"http:\/\/indigolind.com\/?page_id=3"},"modified":"2025-08-14T17:52:21","modified_gmt":"2025-08-14T17:52:21","slug":"privacy-policy","status":"publish","type":"page","link":"https:\/\/indigolind.com\/et\/privacy-policy\/","title":{"rendered":"Privaatsuspoliitika"},"content":{"rendered":"<div data-elementor-type=\"wp-page\" data-elementor-id=\"3\" class=\"elementor elementor-3\" data-elementor-post-type=\"page\">\n\t\t\t\t<div class=\"wd-negative-gap elementor-element elementor-element-4fa46471 e-flex e-con-boxed e-con e-parent\" data-id=\"4fa46471\" data-element_type=\"container\" data-e-type=\"container\">\n\t\t\t\t\t<div class=\"e-con-inner\">\n\t\t\t\t<div class=\"elementor-element elementor-element-7b48118a color-scheme-inherit text-left elementor-widget elementor-widget-text-editor\" data-id=\"7b48118a\" data-element_type=\"widget\" data-e-type=\"widget\" data-widget_type=\"text-editor.default\">\n\t\t\t\t\t\t\t\t\t\n<p>Isikuandmete t\u00f6\u00f6tlemise eeskirjad. Privaatsuspoliitika reguleerib isikuandmete t\u00f6\u00f6tlemist ja k\u00fcpsiste kasutamist veebisaidil.\u00a0<em>veebisait<\/em>\u00a0of Heart Namaste O\u00dc (hereinafter Indigolind.com).<\/p>\n<p><strong>M\u00d5ISTED<\/strong><\/p>\n<p>See\u00a0<strong>isikuandmete t\u00f6\u00f6tlemine<\/strong>\u00a0on veebisaidi kasutaja (edaspidi \u201eisikuandmete t\u00f6\u00f6tleja\u201c) isikuandmetega seotud igasugune tegevus \u2013 kogumine, t\u00f6\u00f6tlemine, s\u00e4ilitamine, parandamine v\u00f5i kustutamine\u00a0<em>kasutaja<\/em>).<\/p>\n<p><strong>Kasutajad<\/strong>\u00a0on k\u00f5ik isikud, kes k\u00fclastavad veebisaiti, tarbivad teenuseid v\u00f5i edastavad Indigolind.com-ile teavet. N\u00e4iteks artiklite lugemine, teenuste tellimine v\u00f5i Indigolind.com-iga e-posti teel \u00fchenduse v\u00f5tmine.<\/p>\n<p><strong>Teenused<\/strong>\u00a0on k\u00f5ik Indigolind.com pakutavad tasuta ja tasulised tooted ja teenused.<\/p>\n<p><strong>ISIKUANDMETE T\u00d6\u00d6TLEMINE<\/strong><\/p>\n<p>Veebisaidi kasutamisega annab kasutaja n\u00f5usoleku oma andmete t\u00f6\u00f6tlemiseks vastavalt k\u00e4esolevatele privaatsuspoliitika tingimustele.<\/p>\n<p>Indigolind.com kogub veebisaidi kaudu kasutajatelt j\u00e4rgmist t\u00fc\u00fcpi isikuandmeid allpool kirjeldatud viisidel:<\/p>\n<ul>\n<li><strong>kasutaja e-posti aadress<\/strong>\u00a0\u2013 kui kasutaja liitub meililistiga v\u00f5i saadab e-kirja;<\/li>\n<li>see\u00a0<strong>kasutaja nimi ja e-posti aadress\u00a0<\/strong>\u2013 kui kasutaja k\u00fcsib teavet;<\/li>\n<li><strong>veebisaidi liikluse statistika<\/strong>\u00a0\u2013 Google Analyticsi ja Facebook Pixeli kasutamine.<\/li>\n<\/ul>\n<p><strong>ISIKUANDMETE KASUTAMINE<\/strong><\/p>\n<p>Indigolind.com kasutab isikuandmeid:<\/p>\n<ul>\n<li><strong>teenust osutama<\/strong>\u00a0kasutajale<u>,<\/u>\u00a0n\u00e4iteks lepingu s\u00f5lmimiseks ja t\u00e4itmiseks, kasutajaga suhtlemiseks, arvete saatmiseks;<\/li>\n<li><strong>saada teateid aadressile<\/strong>\u00a0kasutaja e-posti aadress uute artiklite, teenuste ja pakkumiste kohta, kuid ainult kasutaja eelneval n\u00f5usolekul.<\/li>\n<\/ul>\n<p>Indigolind.com kasutab veebisaidi liikluse statistikat\u00a0<strong>parandamiseks\u00a0<\/strong>veebisait\u00a0<strong>kasutajakogemus\u00a0<\/strong>ja\u00a0<strong>efektiivsema turunduse jaoks<\/strong>.<\/p>\n<p>Kasutajal on igal ajal \u00f5igus esitada vastuv\u00e4iteid oma isikuandmete t\u00f6\u00f6tlemisele, v\u00e4lja arvatud juhul, kui see on vajalik lepingulise n\u00f5ude t\u00e4itmiseks, sealhulgas teenuse osutamiseks.<\/p>\n<p><strong>ISIKUANDMETE EDASIANDMINE KOLMANDATELE ISIKUTELE<\/strong><\/p>\n<p>A\u00a0<strong>kolmas<\/strong>\u00a0Osapool on Indigolind.com lepingupartner, kes t\u00f6\u00f6tleb isikuandmeid ja kelle toote v\u00f5i teenuse kaudu Indigolind.com kasutajale teenuseid osutab.<\/p>\n<p>Indigolind.com kasutab oma igap\u00e4evases tegevuses kolmandaid osapooli, kes pakuvad:<\/p>\n<ul>\n<li>e-posti edastamise ja haldamise s\u00fcsteem,<\/li>\n<li>veebisaidi majutus,<\/li>\n<li>veebisaidi kasutusstatistika anal\u00fc\u00fcs;<\/li>\n<li>sotsiaalmeedia kasutamine ja sotsiaalmeedia statistika anal\u00fc\u00fcs,<\/li>\n<li>raamatupidamistarkvara kasutamine.<\/li>\n<li>Heart Namaste O\u00dc on isikuandmete vastutav t\u00f6\u00f6tleja ja volitatud t\u00f6\u00f6tleja nende isikuandmete osas, mis on vajalikud Heart Namaste O\u00dc poolt Montonio Finance UAB-le maksete teostamiseks.<\/li>\n<\/ul>\n<p>Lisaks eelmises punktis nimetatud kolmandatele isikutele edastab Indigolind.com kasutaja isikuandmeid koost\u00f6\u00f6partnerile. Seda ainult ulatuses, mis on vajalik kasutajale teenuse osutamiseks.<\/p>\n<p><strong>ISIKUANDMETE S\u00c4ILITAMINE JA TURVALISUS<\/strong><\/p>\n<p>Indigolind.com s\u00e4ilitab isikuandmeid nii kaua, kui see on vajalik eesm\u00e4rgi saavutamiseks, milleks neid koguti, v\u00f5i seadusega n\u00f5utud ajaks. N\u00e4iteks raamatupidamisandmeid s\u00e4ilitatakse 7 aastat alates majandusaasta l\u00f5pust, samas kui meililisti e-posti aadressi s\u00e4ilitatakse seni, kuni kasutaja taotleb selle eemaldamist.<\/p>\n<p>Indigolind.com v\u00f5tab k\u00f5ik m\u00f5istlikud meetmed t\u00f6\u00f6deldavate isikuandmete kaitsmiseks. Juurdep\u00e4\u00e4s isikuandmete muutmiseks ja t\u00f6\u00f6tlemiseks on piiratud volitatud isikutega ning k\u00f5iki kasutajate isikuandmeid k\u00e4sitletakse konfidentsiaalse teabena.<\/p>\n<p><strong>KASUTAJA\u00d5IGUSED<\/strong><\/p>\n<p>Kasutajal on igal ajal \u00f5igus:<\/p>\n<ul>\n<li>taotleda juurdep\u00e4\u00e4su oma andmetele;<\/li>\n<li>n\u00f5uda isikuandmete parandamist, t\u00e4iendamist v\u00f5i kustutamist seaduses s\u00e4testatud tingimustel;<\/li>\n<li>taotleda isikuandmete t\u00f6\u00f6tlemise piiramist;<\/li>\n<li>taotleda isikuandmete \u00fclekandmist.<\/li>\n<\/ul>\n<p>Oma \u00f5iguste teostamiseks peavad kasutajad saatma vastavasisulise taotluse aadressile indigolind@gmail.com.<\/p>\n<p>Kui kasutaja on Indigolindi meililisti liige, saab ta end meililistist eemaldada ja edasistest meilidest loobuda e-kirja l\u00f5pus oleva lingi kaudu.<\/p>\n<p>K\u00fcpsiste kasutamise piiramiseks saab kasutaja oma brauseri seadetes vastavad valikud m\u00e4\u00e4rata.<\/p>\n<p>Kui Kasutaja leiab, et isikuandmete t\u00f6\u00f6tlemisel on tema \u00f5igusi rikutud, on tal \u00f5igus p\u00f6\u00f6rduda Andmekaitse Inspektsiooni poole.<\/p>\n<p><strong>MISSIOONID<\/strong><\/p>\n<p>Indigolindi veebisait kasutab k\u00fcpsiseid parema kasutuskogemuse ja t\u00f5husama turunduse pakkumiseks ning kasutusstatistika kogumiseks.<\/p>\n<p>Indigolind.com veebisaiti kasutades n\u00f5ustub kasutaja k\u00fcpsiste kasutamisega k\u00e4esolevas poliitikas kirjeldatud viisil.<\/p>\n<p>A\u00a0<strong>k\u00fcpsis<\/strong>\u00a0on v\u00e4ike tekstifail, mille veebibrauser salvestab automaatselt kasutaja kasutatavasse seadmesse. K\u00fcpsiseid v\u00f5ivad luua erinevad teenusepakkujad, n\u00e4iteks Google ja Facebook. K\u00fcpsisefailid ei ole teie arvuti jaoks ohtlikud.<\/p>\n<div id=\"box00\">\n<div id=\"box01\">\n<div id=\"box02\">\n<div id=\"box03\">\n<div id=\"box04\">\n<div id=\"content01\">\n<div class=\"clear colwrapper\">\n<div class=\"col col01\">\n<div class=\"region region-content\">\n<div id=\"block-system-main\" class=\"block block-system\">\n<div class=\"content\">\n<div id=\"node-12507\" class=\"longtext node node-page clear\">\n<div class=\"content\">\n<div class=\"field field-name-body field-type-text-with-summary field-label-hidden\">\n<div class=\"field-items\">\n<div class=\"field-item even\">\n<p>K\u00fcpsiseid on kahte t\u00fc\u00fcpi:<\/p>\n<ol>\n<li><strong>P\u00fcsivad k\u00fcpsised<\/strong>, mis j\u00e4\u00e4vad kasutaja arvuti k\u00fcpsisefaili j\u00e4\u00e4davalt. Neid v\u00f5idakse kasutada n\u00e4iteks kasutaja korduva k\u00fclastajana \u00e4ratundmiseks ja veebisaidi sisu kohandamiseks vastavalt kasutaja vajadustele v\u00f5i statistiliste andmete kogumiseks.<\/li>\n<li><strong>Seansi k\u00fcpsised<\/strong>\u00a0on ajutised ja kaovad, kui kasutaja veebisaidilt lahkub v\u00f5i brauseri sulgeb. Seansik\u00fcpsiseid v\u00f5idakse kasutada veebisaidi teatud funktsioonide lubamiseks, n\u00e4iteks teenuse v\u00f5i toote taotlemiseks jne.<\/li>\n<\/ol>\n<\/div>\n<\/div>\n<\/div>\n<\/div>\n<\/div>\n<\/div>\n<\/div>\n<\/div>\n<\/div>\n<\/div>\n<\/div>\n<\/div>\n<\/div>\n<\/div>\n<\/div>\n<\/div>\n<p>K\u00fcpsiseid kasutatakse veebisaidi kasutamise kohta teabe kogumiseks, et muuta see kasutajate jaoks isikup\u00e4rasemaks ja kasutajas\u00f5bralikumaks. Lisaks aitavad k\u00fcpsised koguda kasutajastatistikat, mis aitab m\u00f5\u00f5ta ja parandada veebisaidi toimivust ning annab p\u00f5hiandmeid t\u00f5husate turundustegevuste l\u00e4biviimiseks.<\/p>\n<p>Kasutaja loetakse k\u00fcpsistega n\u00f5ustunuks, kui k\u00fcpsised on tema brauseri seadetes lubatud. Brauserid lubavad k\u00fcpsiste salvestamise teie seadmesse sageli vaikimisi. Kasutajad saavad k\u00fcpsiste kasutamise oma seadmes keelata v\u00f5i kustutada, muutes oma brauseri seadeid. Kui te k\u00fcpsiseid ei kasuta, ei pruugi veebisait korralikult t\u00f6\u00f6tada. Juhiseid k\u00fcpsiste kustutamise ja seadistamise kohta brauseris leiate n\u00e4iteks siit.\u00a0<a href=\"https:\/\/support.google.com\/chrome\/answer\/95647?hl=en\" target=\"_blank\" rel=\"noopener noreferrer\">Kroom<\/a>,\u00a0<a href=\"https:\/\/support.microsoft.com\/en-us\/help\/278835\/how-to-delete-cookie-files-in-internet-explorer\" target=\"_blank\" rel=\"noopener noreferrer\">Internet Explorer<\/a>.<\/p>\n<p>Kasutusstatistika kogumiseks kasutab Indigolind.com Google Analyticsi teenust, kogudes andmeid k\u00fclastatud alamlehtede, k\u00fclastuse aja, k\u00fclastuste arvu, kasutatud seadmete, sisenemiskanalite ja muu statistika kohta.<\/p>\n<p>Google Analytics v\u00f5ib aga koguda andmeid kasutajate tegevuse kohta ka ilma k\u00fcpsiseid kasutamata. Selleks, et Google Analytics ei saaks andmeid kasutada, saab kasutaja installida Google Analyticsi.\u00a0<a href=\"https:\/\/tools.google.com\/dlpage\/gaoptout?hl=en\" target=\"_blank\" rel=\"noopener noreferrer\">loobumisbrauser<\/a>\u00a0rakendus nende seadmes.<\/p>\n<p>Lisateavet leiate\u00a0<a href=\"https:\/\/www.facebook.com\/ads\/about\/\" target=\"_blank\" rel=\"noopener noreferrer\">Facebooki reklaamid<\/a>\u00a0ja\u00a0<a href=\"https:\/\/www.facebook.com\/business\/a\/facebook-pixel-tracking-benefits\" target=\"_blank\" rel=\"noopener noreferrer\">Facebooki piksli<\/a>\u00a0allolevaid linke j\u00e4rgides.<\/p>\n<p><strong>PRIVAATSUSTINGIMUSTE MUUDATUSED<\/strong><\/p>\n<p>Indigolind.com j\u00e4tab endale \u00f5iguse privaatsuspoliitikat \u00fchepoolselt ja ette teatamata muuta, et tagada vastavus seadusele. Privaatsuspoliitika uusim versioon on alati veebisaidil saadaval.<\/p>\n<p>K\u00f5igi privaatsuspoliitika ja andmet\u00f6\u00f6tluse kohta k\u00e4ivate k\u00fcsimuste korral v\u00f5tke meiega \u00fchendust aadressil indigolind@gmail.com.<\/p>\t\t\t\t\t\t\t\t<\/div>\n\t\t\t\t\t<\/div>\n\t\t\t\t<\/div>\n\t\t\t\t<\/div>","protected":false},"excerpt":{"rendered":"<p>Personal data processing policy. The Privacy Policy governs the processing of personal data and the use of cookies on the\u00a0website\u00a0of<\/p>","protected":false},"author":1,"featured_media":0,"parent":0,"menu_order":0,"comment_status":"closed","ping_status":"open","template":"elementor_header_footer","meta":{"_acf_changed":false,"footnotes":""},"class_list":["post-3","page","type-page","status-publish","hentry"],"acf":[],"_links":{"self":[{"href":"https:\/\/indigolind.com\/et\/wp-json\/wp\/v2\/pages\/3","targetHints":{"allow":["GET"]}}],"collection":[{"href":"https:\/\/indigolind.com\/et\/wp-json\/wp\/v2\/pages"}],"about":[{"href":"https:\/\/indigolind.com\/et\/wp-json\/wp\/v2\/types\/page"}],"author":[{"embeddable":true,"href":"https:\/\/indigolind.com\/et\/wp-json\/wp\/v2\/users\/1"}],"replies":[{"embeddable":true,"href":"https:\/\/indigolind.com\/et\/wp-json\/wp\/v2\/comments?post=3"}],"version-history":[{"count":3,"href":"https:\/\/indigolind.com\/et\/wp-json\/wp\/v2\/pages\/3\/revisions"}],"predecessor-version":[{"id":16403,"href":"https:\/\/indigolind.com\/et\/wp-json\/wp\/v2\/pages\/3\/revisions\/16403"}],"wp:attachment":[{"href":"https:\/\/indigolind.com\/et\/wp-json\/wp\/v2\/media?parent=3"}],"curies":[{"name":"wp","href":"https:\/\/api.w.org\/{rel}","templated":true}]}}