{"id":18465,"date":"2026-01-24T11:49:59","date_gmt":"2026-01-24T11:49:59","guid":{"rendered":"https:\/\/indigolind.com\/?page_id=18465"},"modified":"2026-01-24T11:50:00","modified_gmt":"2026-01-24T11:50:00","slug":"sample","status":"publish","type":"page","link":"https:\/\/indigolind.com\/et\/sample\/","title":{"rendered":"Proovi \u2013"},"content":{"rendered":"<p>Parool<br><br>\u00a0Pea mind meeles<br><br>\u00a0<a href=\"https:\/\/indigolind.com\/et\/minu-konto\/lost-password\/\">Unustasid salas\u00f5na?<\/a><br>Registreerimise see sait v\u00f5imaldab teil p\u00e4\u00e4seda ligi oma tellimuse staatust ja ajalugu. Lihtsalt t\u00e4itke v\u00e4ljad allpool, ja me saame uue konto luua teie jaoks ei ole aega. Me ainult k\u00fcsi vajalikku teavet ostu protsessi kiiremaks ja lihtsamaks.<br>Registreeri<br>Konto loomine<br>Parool\u00a0<br><\/p>","protected":false},"excerpt":{"rendered":"<p>Password \u00a0Remember me \u00a0Lost your password?Registering for this site allows you to access your order status and history. Just fill<\/p>","protected":false},"author":1,"featured_media":0,"parent":0,"menu_order":0,"comment_status":"closed","ping_status":"closed","template":"","meta":{"_acf_changed":false,"footnotes":""},"class_list":["post-18465","page","type-page","status-publish","hentry"],"acf":[],"_links":{"self":[{"href":"https:\/\/indigolind.com\/et\/wp-json\/wp\/v2\/pages\/18465","targetHints":{"allow":["GET"]}}],"collection":[{"href":"https:\/\/indigolind.com\/et\/wp-json\/wp\/v2\/pages"}],"about":[{"href":"https:\/\/indigolind.com\/et\/wp-json\/wp\/v2\/types\/page"}],"author":[{"embeddable":true,"href":"https:\/\/indigolind.com\/et\/wp-json\/wp\/v2\/users\/1"}],"replies":[{"embeddable":true,"href":"https:\/\/indigolind.com\/et\/wp-json\/wp\/v2\/comments?post=18465"}],"version-history":[{"count":1,"href":"https:\/\/indigolind.com\/et\/wp-json\/wp\/v2\/pages\/18465\/revisions"}],"predecessor-version":[{"id":18466,"href":"https:\/\/indigolind.com\/et\/wp-json\/wp\/v2\/pages\/18465\/revisions\/18466"}],"wp:attachment":[{"href":"https:\/\/indigolind.com\/et\/wp-json\/wp\/v2\/media?parent=18465"}],"curies":[{"name":"wp","href":"https:\/\/api.w.org\/{rel}","templated":true}]}}