{"id":17716,"date":"2025-03-21T13:56:55","date_gmt":"2025-03-21T13:56:55","guid":{"rendered":"https:\/\/indigolind.com\/meist\/"},"modified":"2026-04-14T10:03:40","modified_gmt":"2026-04-14T10:03:40","slug":"meist","status":"publish","type":"page","link":"https:\/\/indigolind.com\/et\/meist\/","title":{"rendered":"Meist"},"content":{"rendered":"<div data-elementor-type=\"wp-page\" data-elementor-id=\"17716\" class=\"elementor elementor-17716\" data-elementor-post-type=\"page\">\n\t\t\t\t<div class=\"wd-negative-gap elementor-element elementor-element-976f3b7 e-flex e-con-boxed e-con e-parent\" data-id=\"976f3b7\" data-element_type=\"container\" data-e-type=\"container\" data-settings=\"{&quot;background_background&quot;:&quot;classic&quot;}\">\n\t\t\t\t\t<div class=\"e-con-inner\">\n\t\t\t\t\t<\/div>\n\t\t\t\t<\/div>\n\t\t<div class=\"wd-negative-gap elementor-element elementor-element-86e6c18 e-flex e-con-boxed e-con e-parent\" data-id=\"86e6c18\" data-element_type=\"container\" data-e-type=\"container\">\n\t\t\t\t\t<div class=\"e-con-inner\">\n\t\t<div class=\"elementor-element elementor-element-142f7d7 e-con-full e-flex e-con e-child\" data-id=\"142f7d7\" data-element_type=\"container\" data-e-type=\"container\">\n\t\t\t\t<div class=\"elementor-element elementor-element-fd8f81b wd-width-100 elementor-widget elementor-widget-wd_title\" data-id=\"fd8f81b\" data-element_type=\"widget\" data-e-type=\"widget\" data-widget_type=\"wd_title.default\">\n\t\t\t\t<div class=\"elementor-widget-container\">\n\t\t\t\t\t\t\t<div class=\"title-wrapper wd-set-mb reset-last-child wd-title-color-default wd-title-style-default wd-title-size-default text-left\">\n\n\t\t\t\n\t\t\t<div class=\"liner-continer\">\n\t\t\t\t<h4 class=\"woodmart-title-container title wd-fontsize-l\">Kahe \u00f5e visioon<\/h4> \n\t\t\t\t\t\t\t<\/div>\n\n\t\t\t\t\t<\/div>\n\t\t\t\t\t\t<\/div>\n\t\t\t\t<\/div>\n\t\t\t\t<\/div>\n\t\t<div class=\"elementor-element elementor-element-34640f4 e-con-full e-flex e-con e-child\" data-id=\"34640f4\" data-element_type=\"container\" data-e-type=\"container\">\n\t\t\t\t<div class=\"elementor-element elementor-element-a0be9df elementor-widget elementor-widget-wd_text_block\" data-id=\"a0be9df\" data-element_type=\"widget\" data-e-type=\"widget\" data-widget_type=\"wd_text_block.default\">\n\t\t\t\t<div class=\"elementor-widget-container\">\n\t\t\t\t\t\t\t<div class=\"wd-text-block reset-last-child text-left\">\n\t\t\t\n\t\t\t<p class=\"p1\">Indigolindi br\u00e4nd s\u00fcndis kahe \u00f5e visioonist luua midagi ilusat naistelt naistele. K\u00f5ik meie r\u00f5ivad on valmistatud erilise hoole ja armastusega, et tuua esile naiste ainulaadne ilu ja lasta neil s\u00e4rada oma naiselikkuses. K\u00f5ik meie l\u00f5iked ja disainid on ajatud, m\u00f5eldud kandmiseks aastateks v\u00f5i edasiandmiseks p\u00f5lvest p\u00f5lve. Valmistatud looduslikest materjalidest, lasevad need kehal hingata erinevates kliimades ja pakuvad vabadustunnet igale kandjale.   <\/p>\n\t\t\t\t\t<\/div>\n\t\t\t\t\t\t<\/div>\n\t\t\t\t<\/div>\n\t\t\t\t<\/div>\n\t\t\t\t\t<\/div>\n\t\t\t\t<\/div>\n\t\t<div class=\"wd-negative-gap elementor-element elementor-element-b6b1e73 e-flex e-con-boxed e-con e-parent\" data-id=\"b6b1e73\" data-element_type=\"container\" data-e-type=\"container\">\n\t\t\t\t\t<div class=\"e-con-inner\">\n\t\t\t\t<div class=\"elementor-element elementor-element-9efe8d4 wd-width-100 elementor-widget elementor-widget-wd_title\" data-id=\"9efe8d4\" data-element_type=\"widget\" data-e-type=\"widget\" data-widget_type=\"wd_title.default\">\n\t\t\t\t<div class=\"elementor-widget-container\">\n\t\t\t\t\t\t\t<div class=\"title-wrapper wd-set-mb reset-last-child wd-title-color-default wd-title-style-default wd-title-size-default text-left\">\n\n\t\t\t\n\t\t\t<div class=\"liner-continer\">\n\t\t\t\t<h4 class=\"woodmart-title-container title wd-fontsize-l\">Miks valida meie kleidid?<\/h4> \n\t\t\t\t\t\t\t<\/div>\n\n\t\t\t\t\t<\/div>\n\t\t\t\t\t\t<\/div>\n\t\t\t\t<\/div>\n\t\t\t\t\t<\/div>\n\t\t\t\t<\/div>\n\t\t<div class=\"wd-negative-gap elementor-element elementor-element-2a6c0e9 e-flex e-con-boxed e-con e-parent\" data-id=\"2a6c0e9\" data-element_type=\"container\" data-e-type=\"container\">\n\t\t\t\t\t<div class=\"e-con-inner\">\n\t\t<div class=\"elementor-element elementor-element-bad3199 e-con-full e-flex e-con e-child\" data-id=\"bad3199\" data-element_type=\"container\" data-e-type=\"container\">\n\t\t<div class=\"elementor-element elementor-element-68269bb e-con-full e-flex e-con e-child\" data-id=\"68269bb\" data-element_type=\"container\" data-e-type=\"container\">\n\t\t\t\t<div class=\"elementor-element elementor-element-4cb86af elementor-widget elementor-widget-wd_infobox\" data-id=\"4cb86af\" data-element_type=\"widget\" data-e-type=\"widget\" data-widget_type=\"wd_infobox.default\">\n\t\t\t\t<div class=\"elementor-widget-container\">\n\t\t\t\t\t\t\t<div class=\"info-box-wrapper\">\n\t\t\t<div class=\"wd-info-box text-left box-icon-align-left box-style-base color-scheme- wd-items-top\">\n\t\t\t\t\t\t\t\t\t<div class=\"box-icon-wrapper  box-with-icon box-icon-simple\">\n\t\t\t\t\t\t<div class=\"info-box-icon\">\n\t\t\t\t\t\t\t\t\t\t\t\t\t\t\t<img loading=\"lazy\" decoding=\"async\" width=\"64\" height=\"64\" src=\"https:\/\/www.indigolind.com\/wp-content\/uploads\/2025\/08\/premium-quality-64x64.png\" class=\"attachment-64x64 size-64x64\" alt=\"\" srcset=\"https:\/\/www.indigolind.com\/wp-content\/uploads\/2025\/08\/premium-quality-64x64.png 64w, https:\/\/www.indigolind.com\/wp-content\/uploads\/2025\/08\/premium-quality-180x180.png 180w, https:\/\/www.indigolind.com\/wp-content\/uploads\/2025\/08\/premium-quality-150x150.png 150w, https:\/\/www.indigolind.com\/wp-content\/uploads\/2025\/08\/premium-quality.png 234w\" sizes=\"auto, (max-width: 64px) 100vw, 64px\" \/>\t\t\t\t\t\t\t\t\t\t\t\t\t<\/div>\n\t\t\t\t\t<\/div>\n\t\t\t\t\n\t\t\t\t<div class=\"info-box-content\">\n\t\t\t\t\t\n\t\t\t\t\t\t\t\t\t\t\t<h4\t\t\t\t\t\tclass=\"info-box-title title box-title-style-default wd-fontsize-m\" data-elementor-setting-key=\"title\">\n\t\t\t\t\t\t\t\tPremium kvaliteet\t\t\t\t\t\t<\/h4>\n\t\t\t\t\t\n\t\t\t\t\t<div class=\"info-box-inner reset-last-child\"data-elementor-setting-key=\"content\"><p>Kasutame tippkvaliteediga materjale ja kauakestvaid tr\u00fckiv\u00e4rve.<\/p>\n<\/div>\n\n\t\t\t\t\t\t\t\t\t<\/div>\n\n\t\t\t\t\t\t\t<\/div>\n\t\t<\/div>\n\t\t\t\t\t\t<\/div>\n\t\t\t\t<\/div>\n\t\t\t\t<\/div>\n\t\t<div class=\"elementor-element elementor-element-5984023 e-con-full e-flex e-con e-child\" data-id=\"5984023\" data-element_type=\"container\" data-e-type=\"container\">\n\t\t\t\t<div class=\"elementor-element elementor-element-f55f8a2 elementor-widget elementor-widget-wd_infobox\" data-id=\"f55f8a2\" data-element_type=\"widget\" data-e-type=\"widget\" data-widget_type=\"wd_infobox.default\">\n\t\t\t\t<div class=\"elementor-widget-container\">\n\t\t\t\t\t\t\t<div class=\"info-box-wrapper\">\n\t\t\t<div class=\"wd-info-box text-left box-icon-align-left box-style-base color-scheme- wd-items-top\">\n\t\t\t\t\t\t\t\t\t<div class=\"box-icon-wrapper  box-with-icon box-icon-simple\">\n\t\t\t\t\t\t<div class=\"info-box-icon\">\n\t\t\t\t\t\t\t\t\t\t\t\t\t\t\t<img loading=\"lazy\" decoding=\"async\" width=\"64\" height=\"64\" src=\"https:\/\/www.indigolind.com\/wp-content\/uploads\/2025\/08\/Eco-frieldly-64x64.png\" class=\"attachment-64x64 size-64x64\" alt=\"\" srcset=\"https:\/\/www.indigolind.com\/wp-content\/uploads\/2025\/08\/Eco-frieldly-64x64.png 64w, https:\/\/www.indigolind.com\/wp-content\/uploads\/2025\/08\/Eco-frieldly-180x180.png 180w, https:\/\/www.indigolind.com\/wp-content\/uploads\/2025\/08\/Eco-frieldly-150x150.png 150w, https:\/\/www.indigolind.com\/wp-content\/uploads\/2025\/08\/Eco-frieldly.png 234w\" sizes=\"auto, (max-width: 64px) 100vw, 64px\" \/>\t\t\t\t\t\t\t\t\t\t\t\t\t<\/div>\n\t\t\t\t\t<\/div>\n\t\t\t\t\n\t\t\t\t<div class=\"info-box-content\">\n\t\t\t\t\t\n\t\t\t\t\t\t\t\t\t\t\t<h4\t\t\t\t\t\tclass=\"info-box-title title box-title-style-default wd-fontsize-m\" data-elementor-setting-key=\"title\">\n\t\t\t\t\t\t\t\tKeskkonnas\u00f5bralik\t\t\t\t\t\t<\/h4>\n\t\t\t\t\t\n\t\t\t\t\t<div class=\"info-box-inner reset-last-child\"data-elementor-setting-key=\"content\"><p>Meie s\u00e4\u00e4stvad tr\u00fckimeetodid v\u00e4hendavad j\u00e4\u00e4tmeid.<\/p>\n<\/div>\n\n\t\t\t\t\t\t\t\t\t<\/div>\n\n\t\t\t\t\t\t\t<\/div>\n\t\t<\/div>\n\t\t\t\t\t\t<\/div>\n\t\t\t\t<\/div>\n\t\t\t\t<\/div>\n\t\t\t\t<\/div>\n\t\t<div class=\"elementor-element elementor-element-7c3b995 e-con-full e-flex e-con e-child\" data-id=\"7c3b995\" data-element_type=\"container\" data-e-type=\"container\">\n\t\t<div class=\"elementor-element elementor-element-e1c14e2 e-con-full e-flex e-con e-child\" data-id=\"e1c14e2\" data-element_type=\"container\" data-e-type=\"container\">\n\t\t\t\t<div class=\"elementor-element elementor-element-86f624c elementor-widget elementor-widget-wd_infobox\" data-id=\"86f624c\" data-element_type=\"widget\" data-e-type=\"widget\" data-widget_type=\"wd_infobox.default\">\n\t\t\t\t<div class=\"elementor-widget-container\">\n\t\t\t\t\t\t\t<div class=\"info-box-wrapper\">\n\t\t\t<div class=\"wd-info-box text-left box-icon-align-left box-style-base color-scheme- wd-items-top\">\n\t\t\t\t\t\t\t\t\t<div class=\"box-icon-wrapper  box-with-icon box-icon-simple\">\n\t\t\t\t\t\t<div class=\"info-box-icon\">\n\t\t\t\t\t\t\t\t\t\t\t\t\t\t\t<img loading=\"lazy\" decoding=\"async\" width=\"64\" height=\"64\" src=\"https:\/\/www.indigolind.com\/wp-content\/uploads\/2025\/08\/Happy-Women-64x64.png\" class=\"attachment-64x64 size-64x64\" alt=\"\" srcset=\"https:\/\/www.indigolind.com\/wp-content\/uploads\/2025\/08\/Happy-Women-64x64.png 64w, https:\/\/www.indigolind.com\/wp-content\/uploads\/2025\/08\/Happy-Women-180x180.png 180w, https:\/\/www.indigolind.com\/wp-content\/uploads\/2025\/08\/Happy-Women-150x150.png 150w, https:\/\/www.indigolind.com\/wp-content\/uploads\/2025\/08\/Happy-Women.png 200w\" sizes=\"auto, (max-width: 64px) 100vw, 64px\" \/>\t\t\t\t\t\t\t\t\t\t\t\t\t<\/div>\n\t\t\t\t\t<\/div>\n\t\t\t\t\n\t\t\t\t<div class=\"info-box-content\">\n\t\t\t\t\t\n\t\t\t\t\t\t\t\t\t\t\t<h4\t\t\t\t\t\tclass=\"info-box-title title box-title-style-default wd-fontsize-m\" data-elementor-setting-key=\"title\">\n\t\t\t\t\t\t\t\tKiire &amp; Usaldusv\u00e4\u00e4rne\t\t\t\t\t\t<\/h4>\n\t\t\t\t\t\n\t\t\t\t\t<div class=\"info-box-inner reset-last-child\"data-elementor-setting-key=\"content\"><p>Kohandatud kruusid v\u00f5i hulgitellimused \u00fcrituse jaoks!<\/p>\n<\/div>\n\n\t\t\t\t\t\t\t\t\t<\/div>\n\n\t\t\t\t\t\t\t<\/div>\n\t\t<\/div>\n\t\t\t\t\t\t<\/div>\n\t\t\t\t<\/div>\n\t\t\t\t<\/div>\n\t\t<div class=\"elementor-element elementor-element-6c2ac3e e-con-full e-flex e-con e-child\" data-id=\"6c2ac3e\" data-element_type=\"container\" data-e-type=\"container\">\n\t\t\t\t<div class=\"elementor-element elementor-element-134c334 elementor-widget elementor-widget-wd_infobox\" data-id=\"134c334\" data-element_type=\"widget\" data-e-type=\"widget\" data-widget_type=\"wd_infobox.default\">\n\t\t\t\t<div class=\"elementor-widget-container\">\n\t\t\t\t\t\t\t<div class=\"info-box-wrapper\">\n\t\t\t<div class=\"wd-info-box text-left box-icon-align-left box-style-base color-scheme- wd-items-top\">\n\t\t\t\t\t\t\t\t\t<div class=\"box-icon-wrapper  box-with-icon box-icon-simple\">\n\t\t\t\t\t\t<div class=\"info-box-icon\">\n\t\t\t\t\t\t\t\t\t\t\t\t\t\t\t<img loading=\"lazy\" decoding=\"async\" width=\"64\" height=\"64\" src=\"https:\/\/www.indigolind.com\/wp-content\/uploads\/2025\/08\/Eco-frieldly-64x64.png\" class=\"attachment-64x64 size-64x64\" alt=\"\" srcset=\"https:\/\/www.indigolind.com\/wp-content\/uploads\/2025\/08\/Eco-frieldly-64x64.png 64w, https:\/\/www.indigolind.com\/wp-content\/uploads\/2025\/08\/Eco-frieldly-180x180.png 180w, https:\/\/www.indigolind.com\/wp-content\/uploads\/2025\/08\/Eco-frieldly-150x150.png 150w, https:\/\/www.indigolind.com\/wp-content\/uploads\/2025\/08\/Eco-frieldly.png 234w\" sizes=\"auto, (max-width: 64px) 100vw, 64px\" \/>\t\t\t\t\t\t\t\t\t\t\t\t\t<\/div>\n\t\t\t\t\t<\/div>\n\t\t\t\t\n\t\t\t\t<div class=\"info-box-content\">\n\t\t\t\t\t\n\t\t\t\t\t\t\t\t\t\t\t<h4\t\t\t\t\t\tclass=\"info-box-title title box-title-style-default wd-fontsize-m\" data-elementor-setting-key=\"title\">\n\t\t\t\t\t\t\t\tKohandamine\t\t\t\t\t\t<\/h4>\n\t\t\t\t\t\n\t\t\t\t\t<div class=\"info-box-inner reset-last-child\"data-elementor-setting-key=\"content\"><p>Saate h\u00f5lpsasti ellu viia iga idee.<\/p>\n<\/div>\n\n\t\t\t\t\t\t\t\t\t<\/div>\n\n\t\t\t\t\t\t\t<\/div>\n\t\t<\/div>\n\t\t\t\t\t\t<\/div>\n\t\t\t\t<\/div>\n\t\t\t\t<\/div>\n\t\t\t\t<\/div>\n\t\t\t\t\t<\/div>\n\t\t\t\t<\/div>\n\t\t<div class=\"wd-negative-gap elementor-element elementor-element-0c7ec7a wd-section-stretch-content e-flex e-con-boxed e-con e-parent\" data-id=\"0c7ec7a\" data-element_type=\"container\" data-e-type=\"container\">\n\t\t\t\t\t<div class=\"e-con-inner\">\n\t\t\t\t<div class=\"elementor-element elementor-element-a5bc5b0 wd-width-100 elementor-widget elementor-widget-wd_images_gallery\" data-id=\"a5bc5b0\" data-element_type=\"widget\" data-e-type=\"widget\" data-widget_type=\"wd_images_gallery.default\">\n\t\t\t\t<div class=\"elementor-widget-container\">\n\t\t\t\t\t\t\t<div class=\"wd-images-gallery wd-carousel-container\" style=\"--wd-align-items:center; --wd-justify-content:center;\">\n\t\t\t\t\t\t\t<div class=\"wd-carousel-inner\">\n\t\t\t\t\t\t<div class=\"wd-carousel wd-grid\" data-scroll_per_page=\"yes\" style=\"--wd-col-lg:4;--wd-col-md:3;--wd-col-sm:1;--wd-gap-lg:20px;--wd-gap-sm:10px;\">\n\t\t\t\t\t\t\t\t\t<div class=\"wd-carousel-wrap\">\n\t\t\t\t\t\t\t\t\t\t\t\t\t\t\t\t\t\t<div class=\"wd-gallery-item wd-carousel-item\">\n\t\t\t\t\t\t\n\t\t\t\t\t\t<img loading=\"lazy\" decoding=\"async\" width=\"392\" height=\"600\" src=\"https:\/\/www.indigolind.com\/wp-content\/uploads\/2025\/04\/admin-ajax.png\" class=\"attachment-full size-full\" alt=\"admin-ajax\" srcset=\"https:\/\/www.indigolind.com\/wp-content\/uploads\/2025\/04\/admin-ajax.png 392w, https:\/\/www.indigolind.com\/wp-content\/uploads\/2025\/04\/admin-ajax-196x300.png 196w, https:\/\/www.indigolind.com\/wp-content\/uploads\/2025\/04\/admin-ajax-180x276.png 180w\" sizes=\"auto, (max-width: 392px) 100vw, 392px\" \/>\n\t\t\t\t\t\t\t\t\t\t\t<\/div>\n\t\t\t\t\t\t\t\t\t\t\t\t\t\t\t<div class=\"wd-gallery-item wd-carousel-item\">\n\t\t\t\t\t\t\n\t\t\t\t\t\t<img loading=\"lazy\" decoding=\"async\" width=\"536\" height=\"810\" src=\"https:\/\/www.indigolind.com\/wp-content\/uploads\/2024\/04\/Screenshot-2024-06-13-at-15.28.06.png\" class=\"attachment-full size-full\" alt=\"Screenshot 2024-06-13 at 15.28.06\" srcset=\"https:\/\/www.indigolind.com\/wp-content\/uploads\/2024\/04\/Screenshot-2024-06-13-at-15.28.06.png 536w, https:\/\/www.indigolind.com\/wp-content\/uploads\/2024\/04\/Screenshot-2024-06-13-at-15.28.06-430x650.png 430w, https:\/\/www.indigolind.com\/wp-content\/uploads\/2024\/04\/Screenshot-2024-06-13-at-15.28.06-180x272.png 180w, https:\/\/www.indigolind.com\/wp-content\/uploads\/2024\/04\/Screenshot-2024-06-13-at-15.28.06-199x300.png 199w\" sizes=\"auto, (max-width: 536px) 100vw, 536px\" \/>\n\t\t\t\t\t\t\t\t\t\t\t<\/div>\n\t\t\t\t\t\t\t\t\t\t\t\t\t\t\t<div class=\"wd-gallery-item wd-carousel-item\">\n\t\t\t\t\t\t\n\t\t\t\t\t\t<img loading=\"lazy\" decoding=\"async\" width=\"333\" height=\"500\" src=\"https:\/\/www.indigolind.com\/wp-content\/uploads\/2025\/07\/DSC4931.jpg\" class=\"attachment-full size-full\" alt=\"_DSC4931\" srcset=\"https:\/\/www.indigolind.com\/wp-content\/uploads\/2025\/07\/DSC4931.jpg 333w, https:\/\/www.indigolind.com\/wp-content\/uploads\/2025\/07\/DSC4931-180x270.jpg 180w\" sizes=\"auto, (max-width: 333px) 100vw, 333px\" \/>\n\t\t\t\t\t\t\t\t\t\t\t<\/div>\n\t\t\t\t\t\t\t\t\t\t\t\t\t\t\t<div class=\"wd-gallery-item wd-carousel-item\">\n\t\t\t\t\t\t\n\t\t\t\t\t\t<img loading=\"lazy\" decoding=\"async\" width=\"356\" height=\"553\" src=\"https:\/\/www.indigolind.com\/wp-content\/uploads\/2024\/06\/Screenshot-2025-03-31-at-15.17.18.png\" class=\"attachment-full size-full\" alt=\"Screenshot 2025-03-31 at 15.17.18\" srcset=\"https:\/\/www.indigolind.com\/wp-content\/uploads\/2024\/06\/Screenshot-2025-03-31-at-15.17.18.png 356w, https:\/\/www.indigolind.com\/wp-content\/uploads\/2024\/06\/Screenshot-2025-03-31-at-15.17.18-180x280.png 180w, https:\/\/www.indigolind.com\/wp-content\/uploads\/2024\/06\/Screenshot-2025-03-31-at-15.17.18-193x300.png 193w\" sizes=\"auto, (max-width: 356px) 100vw, 356px\" \/>\n\t\t\t\t\t\t\t\t\t\t\t<\/div>\n\t\t\t\t\t\t\t\t\t\t\t\t\t\t\t<div class=\"wd-gallery-item wd-carousel-item\">\n\t\t\t\t\t\t\n\t\t\t\t\t\t<img loading=\"lazy\" decoding=\"async\" width=\"1123\" height=\"1667\" src=\"https:\/\/www.indigolind.com\/wp-content\/uploads\/2025\/07\/IMG_4932.jpg\" class=\"attachment-full size-full\" alt=\"IMG_4932\" srcset=\"https:\/\/www.indigolind.com\/wp-content\/uploads\/2025\/07\/IMG_4932.jpg 1123w, https:\/\/www.indigolind.com\/wp-content\/uploads\/2025\/07\/IMG_4932-430x638.jpg 430w, https:\/\/www.indigolind.com\/wp-content\/uploads\/2025\/07\/IMG_4932-180x267.jpg 180w, https:\/\/www.indigolind.com\/wp-content\/uploads\/2025\/07\/IMG_4932-700x1039.jpg 700w\" sizes=\"auto, (max-width: 1123px) 100vw, 1123px\" \/>\n\t\t\t\t\t\t\t\t\t\t\t<\/div>\n\t\t\t\t\t\t\t\t\t\t\t\t\t\t\t<div class=\"wd-gallery-item wd-carousel-item\">\n\t\t\t\t\t\t\n\t\t\t\t\t\t<img loading=\"lazy\" decoding=\"async\" width=\"1179\" height=\"1398\" src=\"https:\/\/www.indigolind.com\/wp-content\/uploads\/2025\/05\/IMG_3578.jpeg\" class=\"attachment-full size-full\" alt=\"IMG_3578\" srcset=\"https:\/\/www.indigolind.com\/wp-content\/uploads\/2025\/05\/IMG_3578.jpeg 1179w, https:\/\/www.indigolind.com\/wp-content\/uploads\/2025\/05\/IMG_3578-430x510.jpeg 430w, https:\/\/www.indigolind.com\/wp-content\/uploads\/2025\/05\/IMG_3578-180x213.jpeg 180w, https:\/\/www.indigolind.com\/wp-content\/uploads\/2025\/05\/IMG_3578-700x830.jpeg 700w, https:\/\/www.indigolind.com\/wp-content\/uploads\/2025\/05\/IMG_3578-253x300.jpeg 253w, https:\/\/www.indigolind.com\/wp-content\/uploads\/2025\/05\/IMG_3578-864x1024.jpeg 864w, https:\/\/www.indigolind.com\/wp-content\/uploads\/2025\/05\/IMG_3578-768x911.jpeg 768w\" sizes=\"auto, (max-width: 1179px) 100vw, 1179px\" \/>\n\t\t\t\t\t\t\t\t\t\t\t<\/div>\n\t\t\t\t\t\t\t\t\t\t\t\t\t\t\t<div class=\"wd-gallery-item wd-carousel-item\">\n\t\t\t\t\t\t\n\t\t\t\t\t\t<img loading=\"lazy\" decoding=\"async\" width=\"394\" height=\"658\" src=\"https:\/\/www.indigolind.com\/wp-content\/uploads\/2024\/06\/Screenshot-2025-03-31-at-15.17.28.png\" class=\"attachment-full size-full\" alt=\"Screenshot 2025-03-31 at 15.17.28\" srcset=\"https:\/\/www.indigolind.com\/wp-content\/uploads\/2024\/06\/Screenshot-2025-03-31-at-15.17.28.png 394w, https:\/\/www.indigolind.com\/wp-content\/uploads\/2024\/06\/Screenshot-2025-03-31-at-15.17.28-180x300.png 180w\" sizes=\"auto, (max-width: 394px) 100vw, 394px\" \/>\n\t\t\t\t\t\t\t\t\t\t\t<\/div>\n\t\t\t\t\t\t\t\t\t\t\t\t\t\t\t<div class=\"wd-gallery-item wd-carousel-item\">\n\t\t\t\t\t\t\n\t\t\t\t\t\t<img loading=\"lazy\" decoding=\"async\" width=\"483\" height=\"622\" src=\"https:\/\/www.indigolind.com\/wp-content\/uploads\/2024\/12\/Screenshot-2024-12-11-at-15.55.16.png\" class=\"attachment-full size-full\" alt=\"Screenshot 2024-12-11 at 15.55.16\" srcset=\"https:\/\/www.indigolind.com\/wp-content\/uploads\/2024\/12\/Screenshot-2024-12-11-at-15.55.16.png 483w, https:\/\/www.indigolind.com\/wp-content\/uploads\/2024\/12\/Screenshot-2024-12-11-at-15.55.16-430x554.png 430w, https:\/\/www.indigolind.com\/wp-content\/uploads\/2024\/12\/Screenshot-2024-12-11-at-15.55.16-180x232.png 180w, https:\/\/www.indigolind.com\/wp-content\/uploads\/2024\/12\/Screenshot-2024-12-11-at-15.55.16-233x300.png 233w\" sizes=\"auto, (max-width: 483px) 100vw, 483px\" \/>\n\t\t\t\t\t\t\t\t\t\t\t<\/div>\n\t\t\t\t\t\t\t\t\t\t\t\t\t\t\t<div class=\"wd-gallery-item wd-carousel-item\">\n\t\t\t\t\t\t\n\t\t\t\t\t\t<img loading=\"lazy\" decoding=\"async\" width=\"449\" height=\"677\" src=\"https:\/\/www.indigolind.com\/wp-content\/uploads\/2024\/12\/Screenshot-2024-12-10-at-15.04.29.png\" class=\"attachment-full size-full\" alt=\"Screenshot 2024-12-10 at 15.04.29\" srcset=\"https:\/\/www.indigolind.com\/wp-content\/uploads\/2024\/12\/Screenshot-2024-12-10-at-15.04.29.png 449w, https:\/\/www.indigolind.com\/wp-content\/uploads\/2024\/12\/Screenshot-2024-12-10-at-15.04.29-430x648.png 430w, https:\/\/www.indigolind.com\/wp-content\/uploads\/2024\/12\/Screenshot-2024-12-10-at-15.04.29-180x271.png 180w, https:\/\/www.indigolind.com\/wp-content\/uploads\/2024\/12\/Screenshot-2024-12-10-at-15.04.29-199x300.png 199w\" sizes=\"auto, (max-width: 449px) 100vw, 449px\" \/>\n\t\t\t\t\t\t\t\t\t\t\t<\/div>\n\t\t\t\t\t\t\t\t\t\t\t\t\t\t\t<div class=\"wd-gallery-item wd-carousel-item\">\n\t\t\t\t\t\t\n\t\t\t\t\t\t<img loading=\"lazy\" decoding=\"async\" width=\"1164\" height=\"1441\" src=\"https:\/\/www.indigolind.com\/wp-content\/uploads\/2024\/12\/IMG_6501.jpg\" class=\"attachment-full size-full\" alt=\"IMG_6501\" srcset=\"https:\/\/www.indigolind.com\/wp-content\/uploads\/2024\/12\/IMG_6501.jpg 1164w, https:\/\/www.indigolind.com\/wp-content\/uploads\/2024\/12\/IMG_6501-430x532.jpg 430w, https:\/\/www.indigolind.com\/wp-content\/uploads\/2024\/12\/IMG_6501-180x223.jpg 180w, https:\/\/www.indigolind.com\/wp-content\/uploads\/2024\/12\/IMG_6501-700x867.jpg 700w, https:\/\/www.indigolind.com\/wp-content\/uploads\/2024\/12\/IMG_6501-242x300.jpg 242w, https:\/\/www.indigolind.com\/wp-content\/uploads\/2024\/12\/IMG_6501-827x1024.jpg 827w, https:\/\/www.indigolind.com\/wp-content\/uploads\/2024\/12\/IMG_6501-768x951.jpg 768w\" sizes=\"auto, (max-width: 1164px) 100vw, 1164px\" \/>\n\t\t\t\t\t\t\t\t\t\t\t<\/div>\n\t\t\t\t\t\t\t\t\t\t\t\t\t\t\t<div class=\"wd-gallery-item wd-carousel-item\">\n\t\t\t\t\t\t\n\t\t\t\t\t\t<img loading=\"lazy\" decoding=\"async\" width=\"442\" height=\"683\" src=\"https:\/\/www.indigolind.com\/wp-content\/uploads\/2024\/12\/Screenshot-2024-12-10-at-15.04.36.png\" class=\"attachment-full size-full\" alt=\"Screenshot 2024-12-10 at 15.04.36\" srcset=\"https:\/\/www.indigolind.com\/wp-content\/uploads\/2024\/12\/Screenshot-2024-12-10-at-15.04.36.png 442w, https:\/\/www.indigolind.com\/wp-content\/uploads\/2024\/12\/Screenshot-2024-12-10-at-15.04.36-430x664.png 430w, https:\/\/www.indigolind.com\/wp-content\/uploads\/2024\/12\/Screenshot-2024-12-10-at-15.04.36-180x278.png 180w, https:\/\/www.indigolind.com\/wp-content\/uploads\/2024\/12\/Screenshot-2024-12-10-at-15.04.36-194x300.png 194w\" sizes=\"auto, (max-width: 442px) 100vw, 442px\" \/>\n\t\t\t\t\t\t\t\t\t\t\t<\/div>\n\t\t\t\t\t\t\t\t\t\t\t\t\t\t\t<div class=\"wd-gallery-item wd-carousel-item\">\n\t\t\t\t\t\t\n\t\t\t\t\t\t<img loading=\"lazy\" decoding=\"async\" width=\"379\" height=\"684\" src=\"https:\/\/www.indigolind.com\/wp-content\/uploads\/2024\/06\/Screenshot-2025-03-31-at-15.17.35.png\" class=\"attachment-full size-full\" alt=\"Screenshot 2025-03-31 at 15.17.35\" srcset=\"https:\/\/www.indigolind.com\/wp-content\/uploads\/2024\/06\/Screenshot-2025-03-31-at-15.17.35.png 379w, https:\/\/www.indigolind.com\/wp-content\/uploads\/2024\/06\/Screenshot-2025-03-31-at-15.17.35-180x325.png 180w, https:\/\/www.indigolind.com\/wp-content\/uploads\/2024\/06\/Screenshot-2025-03-31-at-15.17.35-166x300.png 166w\" sizes=\"auto, (max-width: 379px) 100vw, 379px\" \/>\n\t\t\t\t\t\t\t\t\t\t\t<\/div>\n\t\t\t\t\t\t\t\t\t\t\t\t\t\t\t<div class=\"wd-gallery-item wd-carousel-item\">\n\t\t\t\t\t\t\n\t\t\t\t\t\t<img loading=\"lazy\" decoding=\"async\" width=\"379\" height=\"684\" src=\"https:\/\/www.indigolind.com\/wp-content\/uploads\/2024\/06\/Screenshot-2025-03-31-at-15.17.35.png\" class=\"attachment-full size-full\" alt=\"Screenshot 2025-03-31 at 15.17.35\" srcset=\"https:\/\/www.indigolind.com\/wp-content\/uploads\/2024\/06\/Screenshot-2025-03-31-at-15.17.35.png 379w, https:\/\/www.indigolind.com\/wp-content\/uploads\/2024\/06\/Screenshot-2025-03-31-at-15.17.35-180x325.png 180w, https:\/\/www.indigolind.com\/wp-content\/uploads\/2024\/06\/Screenshot-2025-03-31-at-15.17.35-166x300.png 166w\" sizes=\"auto, (max-width: 379px) 100vw, 379px\" \/>\n\t\t\t\t\t\t\t\t\t\t\t<\/div>\n\t\t\t\t\t\t\t\t\t\t\t\t\t\t\t<div class=\"wd-gallery-item wd-carousel-item\">\n\t\t\t\t\t\t\n\t\t\t\t\t\t<img loading=\"lazy\" decoding=\"async\" width=\"356\" height=\"553\" src=\"https:\/\/www.indigolind.com\/wp-content\/uploads\/2024\/06\/Screenshot-2025-03-31-at-15.17.18.png\" class=\"attachment-full size-full\" alt=\"Screenshot 2025-03-31 at 15.17.18\" srcset=\"https:\/\/www.indigolind.com\/wp-content\/uploads\/2024\/06\/Screenshot-2025-03-31-at-15.17.18.png 356w, https:\/\/www.indigolind.com\/wp-content\/uploads\/2024\/06\/Screenshot-2025-03-31-at-15.17.18-180x280.png 180w, https:\/\/www.indigolind.com\/wp-content\/uploads\/2024\/06\/Screenshot-2025-03-31-at-15.17.18-193x300.png 193w\" sizes=\"auto, (max-width: 356px) 100vw, 356px\" \/>\n\t\t\t\t\t\t\t\t\t\t\t<\/div>\n\t\t\t\t\t\t\t\t\t\t\t\t\t\t\t\t<\/div>\n\t\t\t\t\t\t\t\t<\/div>\n\t\t\t\t\t\t\t\t\t\t\t\t\t\t<div class=\"wd-nav-arrows wd-pos-sep wd-hover-1 wd-icon-1\">\n\t\t\t<div class=\"wd-btn-arrow wd-prev wd-disabled\">\n\t\t\t\t<div class=\"wd-arrow-inner\"><\/div>\n\t\t\t<\/div>\n\t\t\t<div class=\"wd-btn-arrow wd-next\">\n\t\t\t\t<div class=\"wd-arrow-inner\"><\/div>\n\t\t\t<\/div>\n\t\t<\/div>\n\t\t\t\t\t\t\n\t\t\t\t<\/div>\n\n\t\t\t\t\t\t\t\t\t\t\t\t\t<\/div>\n\t\t\t\t\t\t<\/div>\n\t\t\t\t<\/div>\n\t\t\t\t\t<\/div>\n\t\t\t\t<\/div>\n\t\t\t\t<\/div>","protected":false},"excerpt":{"rendered":"<p>Kahe \u00f5e visioon Indigolindi br\u00e4nd s\u00fcndis kahe \u00f5e visioonist luua midagi ilusat naistelt naistele. K\u00f5ik meie r\u00f5ivad on valmistatud erilise<\/p>","protected":false},"author":1,"featured_media":0,"parent":0,"menu_order":0,"comment_status":"closed","ping_status":"closed","template":"","meta":{"_acf_changed":false,"footnotes":""},"class_list":["post-17716","page","type-page","status-publish","hentry"],"acf":[],"_links":{"self":[{"href":"https:\/\/indigolind.com\/et\/wp-json\/wp\/v2\/pages\/17716","targetHints":{"allow":["GET"]}}],"collection":[{"href":"https:\/\/indigolind.com\/et\/wp-json\/wp\/v2\/pages"}],"about":[{"href":"https:\/\/indigolind.com\/et\/wp-json\/wp\/v2\/types\/page"}],"author":[{"embeddable":true,"href":"https:\/\/indigolind.com\/et\/wp-json\/wp\/v2\/users\/1"}],"replies":[{"embeddable":true,"href":"https:\/\/indigolind.com\/et\/wp-json\/wp\/v2\/comments?post=17716"}],"version-history":[{"count":5,"href":"https:\/\/indigolind.com\/et\/wp-json\/wp\/v2\/pages\/17716\/revisions"}],"predecessor-version":[{"id":19155,"href":"https:\/\/indigolind.com\/et\/wp-json\/wp\/v2\/pages\/17716\/revisions\/19155"}],"wp:attachment":[{"href":"https:\/\/indigolind.com\/et\/wp-json\/wp\/v2\/media?parent=17716"}],"curies":[{"name":"wp","href":"https:\/\/api.w.org\/{rel}","templated":true}]}}