{"id":17712,"date":"2025-08-14T17:54:04","date_gmt":"2025-08-14T17:54:04","guid":{"rendered":"https:\/\/indigolind.com\/muugitingimused\/"},"modified":"2026-01-14T11:09:45","modified_gmt":"2026-01-14T11:09:45","slug":"muugitingimused","status":"publish","type":"page","link":"https:\/\/indigolind.com\/et\/muugitingimused\/","title":{"rendered":"M\u00fc\u00fcgitingimused"},"content":{"rendered":"<div data-elementor-type=\"wp-page\" data-elementor-id=\"17712\" class=\"elementor elementor-17712\" data-elementor-post-type=\"page\">\n\t\t\t\t<div class=\"wd-negative-gap elementor-element elementor-element-47492b39 e-flex e-con-boxed e-con e-parent\" data-id=\"47492b39\" data-element_type=\"container\" data-e-type=\"container\">\n\t\t\t\t\t<div class=\"e-con-inner\">\n\t\t\t\t<div class=\"elementor-element elementor-element-4e74cc6d color-scheme-inherit text-left elementor-widget elementor-widget-text-editor\" data-id=\"4e74cc6d\" data-element_type=\"widget\" data-e-type=\"widget\" data-widget_type=\"text-editor.default\">\n\t\t\t\t\t\t\t\t\t\n<p>1. \u00dcLDS\u00c4TTED<\/p>\n\n\n\n<p>1.1. K\u00e4esolevad kasutustingimused (edaspidi Kasutustingimused) reguleerivad aadressil https:\/\/indigolind.com asuva veebisaidi (edaspidi Veebisait) kasutamist ning selle kaudu pakutavate kaupade (edaspidi Kaubad) m\u00fc\u00fcgitingimusi. Veebisaidi k\u00fclastaja (edaspidi Klient) n\u00f5ustub Kasutustingimustega Veebisaidi kasutamisel ja Kaupade ostmisel. <\/p>\n\n\n\n<p>1.2. Veebisaidi omanik ja haldaja on Heart Namaste O\u00dc (edaspidi Heart Namaste), aadress Liivalaia tn 11\/1-14, Kesklinna linnaosa, 10118 Tallinn, Harju maakond, \u00e4riregistri kood 12407617, e-post indigolind@gmail.com.<\/p>\n\n\n\n<p>1.3. Klient saab Veebisaidil pakutavaid Kaupu osta Veebisaidi kaudu.<\/p>\n\n\n\n<p>1.4. K\u00f5ik f\u00fc\u00fcsilised ja juriidilised isikud saavad kliendiks.<\/p>\n\n\n\n<p>1.5. Kaupade ostmiseks Veebisaidilt peab Klient t\u00e4itma ja kinnitama registreerimisvormi. Klient garanteerib, et: <\/p>\n\n\n\n<p>1.5.1. kogu esitatud teave ja tehtud avaldused on \u00f5iged;<\/p>\n\n\n\n<p>1.5.2. ta on t\u00e4ieliku teov\u00f5imega f\u00fc\u00fcsiline isik v\u00f5i omab t\u00e4ielikke \u00f5igusi ja volitusi Kaupade ostmiseks Kliendi nimel. Kliendi ja Kliendi esindaja kinnitused loetakse \u00f5igeks ning Tarnija ei ole kohustatud neid kontrollima. <\/p>\n\n\n\n<p>1.6. \u00d5igus kasutada ja avaldada veebisaidil olevat teavet ja materjale kuulub Heart Namastele.<\/p>\n\n\n\n<p>1.7. Veebisait sisaldab linke kolmandate osapoolte veebisaitidele, mis ei kuulu Heart Namastele. Lingitud materjalidele kl\u00f5psates lahkub Klient Veebisaidilt ning lingitud veebisaidi kasutamisele v\u00f5ivad kehtida tingimused, mis ei kehti Kliendi poolt Veebisaidi kasutamisele. Heart Namastel puudub kontroll lingitud veebisaitide \u00fcle ega vastuta nende kasutamise v\u00f5i seal sisalduva teabe t\u00e4psuse eest.  <\/p>\n\n\n\n<h4 class=\"wp-block-heading\">2. KAUPADE OST VEEBISAIDILT<\/h4>\n\n\n\n<h5 class=\"wp-block-heading\">Ostukorv ja tellimuse esitamine.<\/h5>\n\n\n\n<p>2.1. Kliendi ostukorv (edaspidi Ostukorv) luuakse hetkel, mil klient kl\u00f5psab nupul \u201eLisa ostukorvi\u201c. Kauba lisamine ostukorvi ei kohusta Klienti ostu sooritama. <\/p>\n\n\n\n<p>2.2. Klient saab muuta Ostukorvis olevate Kaupade kogust ja vajadusel need Ostukorvist eemaldada.<\/p>\n\n\n\n<p>2.3. Ostukorvis olevad Kaubad on teistele Klientidele saadaval kuni tellimuse kinnitamiseni.<\/p>\n\n\n\n<p>2.4. Tellimuse esitamiseks kl\u00f5psab Klient nupul \u201eMine ostma\u201c. P\u00e4rast ostu sooritamist saadetakse tellimuse kinnitus automaatselt Kliendi e-posti aadressile. <\/p>\n\n\n\n<p>2.5. Tellimuse esitamisel valib Klient Kaupade eest tasumise ja transpordi viisi. Tellimuses esitatud kontaktandmete t\u00e4psusest s\u00f5ltub Kliendi ostetud toodete sujuv kohaletoimetamine ja m\u00f5nikord ka v\u00f5imalikud lisakulud. <\/p>\n\n\n\n<h5 class=\"wp-block-heading\">Tellitud Kaupade eest tasumine.<\/h5>\n\n\n\n<p>2.6. Klient saab Kaupade eest tasuda pangalinkide kaudu v\u00f5i ettemaksuarve alusel (mis saadetakse Kliendi e-posti aadressile Kliendi soovil).<\/p>\n\n\n\n<p>2.7. Veebisaidil saab kaupade eest tasuda j\u00e4rgmiste Eesti pankade kaudu: Swedbank, SEB Pank, Luminor, LHV, Coop Pank.<\/p>\n\n\n\n<p>2.8. Kui Klient soovib tasuda ettemaksuarvega, tuleb tal v\u00f5tta \u00fchendust e-posti teel aadressil indigolind@gmail.com. Makselahenduste osas teeb Heart Namaste koost\u00f6\u00f6d Montonio Finance UAB-ga. <\/p>\n\n\n\n<h5 class=\"wp-block-heading\">Transpordi viis, tingimused ja aeg.<\/h5>\n\n\n\n<p>2.9. Kaupu tarnitakse Eestisse, L\u00e4tti, Leetu, Soome.<\/p>\n\n\n\n<p>2.10. Siseriiklike tellimuste puhul kasutame&nbsp;<strong>Itella<\/strong>&nbsp;<strong>SmartPost pakiautomaati. <\/strong>Rahvusvahelise tarne osas palume v\u00f5tta \u00fchendust indigolind@gmail.com.<\/p>\n\n\n\n<p>2.11. Transpordikulud kannab ostja ning vastav hinnainfo kuvatakse koos transpordimeetodiga.<\/p>\n\n\n\n<p>2.12. Saadetised Eesti piires (kui toode\/tooted on koheselt laos saadaval) j\u00f5uavad tavaliselt ostja m\u00e4\u00e4ratud sihtkohta 3-5 t\u00f6\u00f6p\u00e4eva jooksul alates m\u00fc\u00fcgilepingu j\u00f5ustumisest.<\/p>\n\n\n\n<p>2.13. Vali oma eelistatud toote suurus, et n\u00e4ha saadavuse \u00fcksikasju. N\u00e4e koheselt, kas sinu valitud suurus on laos v\u00f5i saadaval ettetellimiseks, tagades sujuva ostukogemuse. Ettetellimuste puhul arvesta palun umbes 3-4 n\u00e4dalaga alates ostukuup\u00e4evast t\u00f6\u00f6tlemiseks ja kohaletoimetamiseks.  <\/p>\n\n\n\n<p>2.14. Erandjuhtudel on meil \u00f5igus tarnida kaubad 45 kalendrip\u00e4eva jooksul.<\/p>\n\n\n\n<h4 class=\"wp-block-heading\">3. HIND JA VALUUTA<\/h4>\n\n\n\n<p>3.1. Veebisaidil pakutavate Kaupade hind on esitatud eurodes, v\u00e4lja arvatud transpordikulud (kui Veebisaidil ei ole m\u00e4rgitud teisiti).<\/p>\n\n\n\n<p>3.2. Heart Namaste O\u00dc on k\u00e4ibemaksuvaba ettev\u00f5te.<\/p>\n\n\n\n<h4 class=\"wp-block-heading\">4. KLIENDI \u00d5IGUSED JA KOHUSTUSED<\/h4>\n\n\n\n<p>4.1. Klient kohustub kasutama Veebisaiti ainult Kasutustingimustes s\u00e4testatud eesm\u00e4rkidel. Kliendil on keelatud kasutada Veebisaiti ebaseaduslike tehingute ja\/v\u00f5i pettuste tegemiseks. <\/p>\n\n\n\n<p>4.2. Klient kohustub tasuma Kaupade eest pakkumises m\u00e4rgitud hinna.<\/p>\n\n\n\n<p>4.3. Klient garanteerib, et Kliendi poolt Veebisaidi kasutamisel sisestatud andmed ja Kliendi kontaktandmed (nimi, telefoninumber, e-posti aadress jne) on t\u00f5esed, t\u00e4ielikud ja ajakohased.<\/p>\n\n\n\n<p>4.4. Klient kohustub hoidma Veebisaidi kasutamiseks antud kasutajatunnust ja parooli viisil, et need ei satuks kolmandate isikute k\u00e4tte, v\u00e4lja arvatud juhul, kui Klient on volitanud selliseid kolmandaid isikuid teda Veebisaidi kasutamisel ja Kaupade ostmisel esindama.<\/p>\n\n\n\n<p>4.5. Klient teavitab Heart Namastet viivitamatult k\u00f5igist muutunud andmetest ja asjaoludest v\u00f5rreldes Kliendi poolt Veebisaidil Kliendiks registreerumisel esitatud andmete ja asjaoludega.<\/p>\n\n\n\n<p>4.6. Klient kohustub viivitamatult teavitama Heart Namastet Veebisaidi kasutamiseks antud kasutajanime ja\/v\u00f5i parooli kaotsiminekust v\u00f5i selle avaldamisest kolmandatele isikutele.<\/p>\n\n\n\n<h3 class=\"wp-block-heading\">&nbsp;<\/h3>\n\n\n\n<h4 class=\"wp-block-heading\">5. HEART NAMASTE \u00d5IGUSED JA KOHUSTUSED<\/h4>\n\n\n\n<p>5.1. Heart Namaste v\u00f5ib igal ajal oma \u00e4ran\u00e4gemise j\u00e4rgi muuta, t\u00e4iendada, asendada v\u00f5i kustutada Kasutustingimusi ning Veebisaidil pakutavate Kaupade hinda, m\u00fc\u00fcgitingimusi ja muud teavet.<\/p>\n\n\n\n<p>5.2. Kasutustingimuste, Kaupade hinna ja muu teabe muudatused ja t\u00e4iendused j\u00f5ustuvad alates muudatuste tegemise hetkest Veebisaidil. Kui Klient on esitanud tellimuse enne muudatuse j\u00f5ustumist, kehtivad Kliendile tellimuse esitamise ajal kehtinud tingimused, v\u00e4lja arvatud juhul, kui seaduses v\u00f5i Kasutustingimustes on s\u00e4testatud teisiti. <\/p>\n\n\n\n<p>5.3. Heart Namastel on \u00f5igus piirata v\u00f5i t\u00fchistada Kliendi \u00f5igust Veebisaiti kasutada, sealhulgas sulgeda tema kasutajakonto ja mitte lubada tal uuesti Kliendiks registreeruda, kui Klient rikub Kasutustingimusi v\u00f5i nendest tulenevaid kohustusi, kui ta on esitanud vale v\u00f5i eksitavat teavet v\u00f5i k\u00e4itub muul viisil pahatahtlikult.<\/p>\n\n\n\n<h3 class=\"wp-block-heading\">&nbsp;<\/h3>\n\n\n\n<h4 class=\"wp-block-heading\">6. TELLIMUSE T\u00dcHISTAMINE, KAUPADE TAGASTAMINE JA RAHA TAGASTAMINE<\/h4>\n\n\n\n<p>6.1. Kui Kaubad ei sobi v\u00f5i ei vasta Kliendi ootustele, on Kliendil \u00f5igus need M\u00fc\u00fcjale tagastada 14 p\u00e4eva jooksul alates Kaupade k\u00e4ttesaamisest. Sama t\u00e4htaja jooksul on Kliendil \u00f5igus vahetada mittesobivad Kaubad samav\u00e4\u00e4rsete Kaupade vastu, eeldusel, et mittesobivad Kaubad on avamata ja originaalpakendis. <\/p>\n\n\n\n<p>6.2. Kaupade tagastamise v\u00f5i vahetamise soovi korral peab Klient saatma Heart Namastele e-posti teel aadressile indigolind@gmail.com taotluse koos oma andmete ja pangakonto numbriga.<\/p>\n\n\n\n<p>6.3. Kaupade tagastamise v\u00f5i vahetamise korral tagastab Klient Kaubad Ettev\u00f5ttele p\u00f5hjendamatu viivituseta, kuid mitte hiljem kui 14 p\u00e4eva jooksul alates taotluse esitamise kuup\u00e4evast, v\u00e4lja arvatud juhul, kui Ettev\u00f5tte ja Kliendi vahel on kokku lepitud teisiti. Tagastatud Kaubad peavad olema kasutamata ja originaalpakendis. <\/p>\n\n\n\n<p>6.4. Heart Namaste tagastab tagastatud Kaupade eest raha Kliendi pangakontole, millest on maha arvatud transpordikulud, kuid mitte hiljem kui 14 p\u00e4eva jooksul alates Kaupade k\u00e4ttesaamisest Heart Namaste poolt. Kaupade tagastamise otsesed kulud kannab Klient, v\u00e4lja arvatud juhul, kui Heart Namaste ja Kliendi vahel on kokku lepitud teisiti. <\/p>\n\n\n\n<h3 class=\"wp-block-heading\">&nbsp;<\/h3>\n\n\n\n<h4 class=\"wp-block-heading\">7. KLIENDI ISIKUANDMETE T\u00d6\u00d6TLEMISE P\u00d5HIM\u00d5TTED<\/h4>\n\n\n\n<p>7.1. Heart Namaste t\u00f6\u00f6tleb Kliendi isikuandmeid Kliendi esitatud ostutellimuste t\u00e4itmiseks.<\/p>\n\n\n\n<p>7.2. Lisaks t\u00f6\u00f6tleb Heart Namaste Kliendi isikuandmeid kaubanduslike teadete, reklaammaterjalide ning Heart Namaste pakutavate Kaupade ja tegevuste kohta teabe saatmise eesm\u00e4rgil, kui Klient on selleks soovi avaldanud.<\/p>\n\n\n\n<p>7.3. Heart Namaste kogub ja s\u00e4ilitab Kliendi isikuandmeid elektroonilisel kujul ja vajadusel v\u00e4ljastab need muul kujul. Heart Namastel on \u00f5igus s\u00e4ilitada Kliendi isikuandmeid Veebisaidil avaldatud pakkumistest tulenevate kohustuste t\u00e4itmiseks vajaliku aja jooksul. <\/p>\n\n\n\n<p>7.4. Heart Namastel on \u00f5igus edastada Kliendi isikuandmeid Heart Namaste valitud kolmandatele isikutele ja ostutehingu t\u00e4itmisega seotud isikutele (nt kullerteenuse pakkuja, postiteenus).<\/p>\n\n\n\n<p>7.5. Kliendil on \u00f5igus teada, milliseid andmeid tema kohta Heart Namaste andmebaasis sisaldub, esitades p\u00e4ringu Veebisaidil toodud Heart Namaste e-posti aadressile. Kliendil on \u00f5igus oma isikuandmeid muuta ja parandada. <\/p>\n\n\n\n<p>7.6. Kliendil on \u00f5igus igal ajal tagasi v\u00f5tta n\u00f5usolek Heart Namaste poolt isikuandmete t\u00f6\u00f6tlemiseks, n\u00f5uda isikuandmete t\u00f6\u00f6tlemise l\u00f5petamist ning kogutud isikuandmete kustutamist v\u00f5i blokeerimist, samuti kasutajakonto sulgemist. Selleks esitab Klient taotluse Veebisaidil m\u00e4rgitud Heart Namaste e-posti aadressile. N\u00f5usoleku tagasiv\u00f5tmisel ei ole tagasiulatuvat j\u00f5udu.  <\/p>\n\n\n\n<h4 class=\"wp-block-heading\">8. Isikuandmete t\u00f6\u00f6tlemine<\/h4>\n\n\n\n<p>8.1. Veebisait kasutab Kliendi isikuandmeid m\u00fc\u00fcgilepingu t\u00e4itmiseks.<br>8.2. Palun lugege meie &nbsp;<a href=\"https:\/\/old.elusvali.ee\/isikuandmetetootlemine\/\" target=\"_blank\" rel=\"noreferrer noopener\">Privaatsuspoliitikat.<\/a><\/p>\n\n\n\n<h4 class=\"wp-block-heading\">9. KAUPADE MITTEVASTAVUS M\u00dc\u00dcGITINGIMUSTELE JA VASTUTUS<\/h4>\n\n\n\n<p>9.1. Juhul, kui Veebisaidil m\u00fc\u00fcgiks pakutavad Kaubad ei vasta m\u00fc\u00fcgitingimustele, peab Klient esitama Heart Namastele kaebuse e-posti teel aadressile indigolind@gmail.com, m\u00e4rkides Kliendi nime, kontakttelefoni numbri, tellimuse numbri ning Kaupade mittevastavuse v\u00f5i defekti t\u00e4pse kirjelduse.<\/p>\n\n\n\n<p>9.2. Klient peab esitama pretensiooni 15 p\u00e4eva jooksul alates Kaupade k\u00e4ttesaamisest. Heart Namaste vaatab kaebused l\u00e4bi ja vastab Kliendile esimesel v\u00f5imalusel, kuid mitte hiljem kui 15 p\u00e4eva jooksul alates kaebuse saamisest. <\/p>\n\n\n\n<p>9.3. Heart Namaste vastutab Kliendi ees Heart Namaste poolt Kasutustingimuste rikkumisega tekitatud kahju eest Eesti Vabariigis kehtivates \u00f5igusaktides etten\u00e4htud juhtudel ja ulatuses.<\/p>\n\n\n\n<p>9.4. Klient vastutab Heart Namaste ees Kliendi poolt Kasutustingimuste rikkumisega tekitatud kahju eest Eesti Vabariigis kehtivates \u00f5igusaktides etten\u00e4htud juhtudel ja ulatuses.<\/p>\n\n\n\n<p>9.5. Heart Namaste ei vastuta Kaupade kahjustumise eest, mis on p\u00f5hjustatud Kliendi poolt v\u00f5i Kliendi hooletuse t\u00f5ttu, Kaupade eba\u00f5igest kasutamisest tingitud defektide eest ega Kaupade transpordi k\u00e4igus tekkinud kahjustuste eest.<\/p>\n\n\n\n<p>9.6. Pooled ei vastuta teineteise ees ja nende k\u00e4itumist ei loeta Kasutustingimuste rikkumiseks kohustuste t\u00e4itmise viibimise v\u00f5i t\u00e4itmata j\u00e4tmise t\u00f5ttu, kui sellise viibimise v\u00f5i t\u00e4itmata j\u00e4tmise p\u00f5hjus oli v\u00e4ljaspool nende m\u00f5istlikku kontrolli (v\u00e4\u00e4ramatu j\u00f5ud).<\/p>\n\n\n\n<h3 class=\"wp-block-heading\">&nbsp;<\/h3>\n\n\n\n<h4 class=\"wp-block-heading\">10. MUUD TINGIMUSED<\/h4>\n\n\n\n<p>10.1. Heart Namaste teated ja info Kliendile saadetakse elektrooniliselt Kliendi poolt konto registreerimisel esitatud kontaktandmetele. K\u00f5ik Kliendi teated ja info Heart Namastele saadetakse Veebisaidil avaldatud kontaktandmete kaudu. <\/p>\n\n\n\n<p>10.2. Kui m\u00f5ni Kasutustingimuste s\u00e4te osutub vastuolus olevaks seaduse s\u00e4tetega, ei muuda see kehtetuks \u00fchtegi teist Kasutustingimuste s\u00e4tet. Sellisel juhul asendatakse kehtetu s\u00e4te seadusega. <\/p>\n\n\n\n<p>10.3. Kasutustingimused kehtivad alates Kasutustingimuste aktsepteerimise hetkest Kliendi poolt Veebisaidil ja kehtivad Kliendi ja Teenusepakkuja vahelise Kasutustingimustega reguleeritud \u00f5igussuhte kehtivuse aja.<\/p>\n\n\n\n<p>10.4. Kliendi ja Heart Namaste vahelised Veebisaidi kasutamisest tulenevad \u00f5igussuhted reguleeritakse Eesti Vabariigis kehtiva \u00f5igusega.<\/p>\n\n\n\n<p>10.5. Veebisaidi kasutamisest tulenevad vaidlused lahendatakse Kliendi ja Heart Namaste vaheliste l\u00e4bir\u00e4\u00e4kimiste teel. Kui kokkuleppele ei j\u00f5uta, lahendatakse vaidlus Harju Maakohtus. <\/p>\n\n\n\n<p>10.6. Kui vaidlusi ei ole v\u00f5imalik l\u00e4bir\u00e4\u00e4kimiste teel lahendada, v\u00f5ib Tarbijast Klient p\u00f6\u00f6rduda n\u00f5u ja selgituste saamiseks ka Tarbijakaitse ja Tehnilise J\u00e4relevalve Ameti (Pronksi 12, Tallinn 10117, www.tarbijakaitseamet.ee) poole v\u00f5i esitada vaidluse Tarbijakaitse ja Tehnilise J\u00e4relevalve Ameti juures tegutsevale Tarbijavaidluste Komisjonile. Kaebusi saab esitada Tarbijavaidluste Komisjonile ka veebip\u00f5hise vaidluste lahendamise platvormi kaudu aadressil &nbsp;<a href=\"http:\/\/ec.europa.eu\/odr\">http:\/\/ec.europa.eu\/odr, ning<\/a> menetlusreeglid on leitavad aadressil&nbsp;<a href=\"http:\/\/www.tarbijakaitseamet.ee\/\">www.tarbijakaitseamet.ee<\/a>.<\/p>\n\t\t\t\t\t\t\t\t<\/div>\n\t\t\t\t\t<\/div>\n\t\t\t\t<\/div>\n\t\t\t\t<\/div>","protected":false},"excerpt":{"rendered":"<p>1. \u00dcLDS\u00c4TTED 1.1. K\u00e4esolevad kasutustingimused (edaspidi Kasutustingimused) reguleerivad aadressil https:\/\/indigolind.com asuva veebisaidi (edaspidi Veebisait) kasutamist ning selle kaudu pakutavate kaupade<\/p>","protected":false},"author":1,"featured_media":0,"parent":0,"menu_order":0,"comment_status":"closed","ping_status":"closed","template":"elementor_header_footer","meta":{"_acf_changed":false,"footnotes":""},"class_list":["post-17712","page","type-page","status-publish","hentry"],"acf":[],"_links":{"self":[{"href":"https:\/\/indigolind.com\/et\/wp-json\/wp\/v2\/pages\/17712","targetHints":{"allow":["GET"]}}],"collection":[{"href":"https:\/\/indigolind.com\/et\/wp-json\/wp\/v2\/pages"}],"about":[{"href":"https:\/\/indigolind.com\/et\/wp-json\/wp\/v2\/types\/page"}],"author":[{"embeddable":true,"href":"https:\/\/indigolind.com\/et\/wp-json\/wp\/v2\/users\/1"}],"replies":[{"embeddable":true,"href":"https:\/\/indigolind.com\/et\/wp-json\/wp\/v2\/comments?post=17712"}],"version-history":[{"count":3,"href":"https:\/\/indigolind.com\/et\/wp-json\/wp\/v2\/pages\/17712\/revisions"}],"predecessor-version":[{"id":17715,"href":"https:\/\/indigolind.com\/et\/wp-json\/wp\/v2\/pages\/17712\/revisions\/17715"}],"wp:attachment":[{"href":"https:\/\/indigolind.com\/et\/wp-json\/wp\/v2\/media?parent=17712"}],"curies":[{"name":"wp","href":"https:\/\/api.w.org\/{rel}","templated":true}]}}