{"id":17700,"date":"2025-07-28T09:15:31","date_gmt":"2025-07-28T09:15:31","guid":{"rendered":"https:\/\/indigolind.com\/privaatsuspoliitika\/"},"modified":"2026-01-14T11:09:17","modified_gmt":"2026-01-14T11:09:17","slug":"privaatsuspoliitika","status":"publish","type":"page","link":"https:\/\/indigolind.com\/et\/privaatsuspoliitika\/","title":{"rendered":"Privaatsuspoliitika"},"content":{"rendered":"<div data-elementor-type=\"wp-page\" data-elementor-id=\"17700\" class=\"elementor elementor-17700\" data-elementor-post-type=\"page\">\n\t\t\t\t<div class=\"wd-negative-gap elementor-element elementor-element-4fa46471 e-flex e-con-boxed e-con e-parent\" data-id=\"4fa46471\" data-element_type=\"container\" data-e-type=\"container\">\n\t\t\t\t\t<div class=\"e-con-inner\">\n\t\t\t\t<div class=\"elementor-element elementor-element-7b48118a color-scheme-inherit text-left elementor-widget elementor-widget-text-editor\" data-id=\"7b48118a\" data-element_type=\"widget\" data-e-type=\"widget\" data-widget_type=\"text-editor.default\">\n\t\t\t\t\t\t\t\t\t\n<p>Isikuandmete t\u00f6\u00f6tlemise p\u00f5him\u00f5tted. Privaatsuspoliitika reguleerib isikuandmete t\u00f6\u00f6tlemist ja k\u00fcpsiste kasutamist Heart Namaste O\u00dc (edaspidi Indigolind.com) <em>veebilehel<\/em>. <\/p>\n<p><strong>M\u00d5ISTED<\/strong><\/p>\n<p>Isikuandmete <strong>t\u00f6\u00f6tlemine<\/strong> on igasugune veebilehe kasutaja (edaspidi <em>kasutaja<\/em>) isikuandmetega tehtav toiming \u2013 kogumine, t\u00f6\u00f6tlemine, s\u00e4ilitamine, parandamine v\u00f5i kustutamine.<\/p>\n<p><strong>Kasutajad<\/strong> on k\u00f5ik isikud, kes k\u00fclastavad veebilehte, tarbivad teenuseid v\u00f5i edastavad informatsiooni Indigolind.com-ile. N\u00e4iteks artiklite lugemine, teenuste tellimine v\u00f5i Indigolind.com-iga e-posti teel \u00fchenduse v\u00f5tmine. <\/p>\n<p><strong>Teenused<\/strong> on k\u00f5ik Indigolind.com-i pakutavad tasuta ja tasulised tooted ja teenused.<\/p>\n<p><strong>ISIKUANDMETE T\u00d6\u00d6TLEMINE<\/strong><\/p>\n<p>Veebilehte kasutades annab kasutaja n\u00f5usoleku oma andmete t\u00f6\u00f6tlemiseks vastavalt k\u00e4esolevale privaatsuspoliitikale.<\/p>\n<p>Indigolind.com kogub veebilehe kaudu kasutajatelt j\u00e4rgmisi isikuandmete liike allj\u00e4rgnevalt kirjeldatud viisidel:<\/p>\n<ul>\n<li><strong>kasutaja e-posti aadress<\/strong> \u2013 kui kasutaja liitub meililistiga v\u00f5i saadab e-kirja;<\/li>\n<li><strong>kasutaja nimi ja e-posti aadress<\/strong> \u2013 kui kasutaja k\u00fcsib informatsiooni;<\/li>\n<li><strong>veebilehe k\u00fclastusstatistika<\/strong> \u2013 kasutades Google Analyticsit, Facebook Pixelit.<\/li>\n<\/ul>\n<p><strong>ISIKUANDMETE KASUTAMINE<\/strong><\/p>\n<p>Indigolind.com kasutab isikuandmeid:<\/p>\n<ul>\n<li><strong>teenuse osutamiseks<\/strong> kasutajale<u>,<\/u> n\u00e4iteks lepingu s\u00f5lmimiseks ja t\u00e4itmiseks, kasutajaga suhtlemiseks, arvete saatmiseks;<\/li>\n<li><strong>teavituste saatmiseks<\/strong> kasutaja e-posti aadressile uute artiklite, teenuste ja pakkumiste kohta, kuid ainult kasutaja eelneval n\u00f5usolekul.<\/li>\n<\/ul>\n<p>Indigolind.com kasutab veebilehe k\u00fclastusstatistikat <strong>veebilehe kasutajakogemuse parandamiseks <\/strong>ja <strong>kasutajakogemus <\/strong>ja <strong>t\u00f5husamaks turunduseks<\/strong>.<\/p>\n<p>Kasutajal on igal ajal \u00f5igus esitada vastuv\u00e4iteid oma isikuandmete t\u00f6\u00f6tlemisele, v\u00e4lja arvatud juhul, kui see on vajalik lepingulise kohustuse, sealhulgas teenuse osutamise t\u00e4itmiseks.<\/p>\n<p><strong>ISIKUANDMETE EDASTAMINE KOLMANDATELE OSAPOOLTELE<\/strong><\/p>\n<p><strong>Kolmas osapool<\/strong> on Indigolind.com-i lepingupartner, kes t\u00f6\u00f6tleb isikuandmeid ja kelle toote v\u00f5i teenuse kaudu Indigolind.com osutab teenuseid kasutajale.<\/p>\n<p>Indigolind.com kasutab oma igap\u00e4evases tegevuses kolmandaid osapooli, kes pakuvad:<\/p>\n<ul>\n<li>e-kirjade edastamise ja haldamise s\u00fcsteemi,<\/li>\n<li>veebilehe majutust,<\/li>\n<li>veebilehe kasutusstatistika anal\u00fc\u00fcsi;<\/li>\n<li>sotsiaalmeedia kasutamist ja sotsiaalmeedia statistika anal\u00fc\u00fcsi,<\/li>\n<li>raamatupidamistarkvara kasutamist.<\/li>\n<li>Heart Namaste O\u00dc on isikuandmete vastutav t\u00f6\u00f6tleja ning maksete teostamiseks vajalike isikuandmete volitatud t\u00f6\u00f6tleja on Montonio Finance UAB.<\/li>\n<\/ul>\n<p>Lisaks eelmises punktis nimetatud kolmandatele osapooltele edastab Indigolind.com kasutaja isikuandmeid koost\u00f6\u00f6partnerile. Seda tehakse ainult ulatuses, mis on vajalik teenuse osutamiseks kasutajale. <\/p>\n<p><strong>ISIKUANDMETE S\u00c4ILITAMINE JA TURVALISUS<\/strong><\/p>\n<p>Indigolind.com s\u00e4ilitab isikuandmeid nii kaua, kuni see on vajalik nende kogumise eesm\u00e4rgi t\u00e4itmiseks v\u00f5i seadusega n\u00f5utud. N\u00e4iteks raamatupidamisinfot s\u00e4ilitatakse 7 aastat majandusaasta l\u00f5pust, samas kui meililisti e-posti aadressi s\u00e4ilitatakse seni, kuni kasutaja palub selle eemaldada. <\/p>\n<p>Indigolind.com rakendab k\u00f5iki m\u00f5istlikke meetmeid t\u00f6\u00f6deldavate isikuandmete kaitsmiseks. Juurdep\u00e4\u00e4s isikuandmete muutmisele ja t\u00f6\u00f6tlemisele on piiratud volitatud isikutega ning k\u00f5ikide kasutajate isikuandmeid k\u00e4sitletakse konfidentsiaalse informatsioonina. <\/p>\n<p><strong>KASUTAJA \u00d5IGUSED<\/strong><\/p>\n<p>Kasutajal on igal ajal \u00f5igus:<\/p>\n<ul>\n<li>n\u00f5uda juurdep\u00e4\u00e4su oma andmetele;<\/li>\n<li>n\u00f5uda isikuandmete parandamist, t\u00e4iendamist v\u00f5i kustutamist seaduses s\u00e4testatud tingimustel;<\/li>\n<li>n\u00f5uda isikuandmete t\u00f6\u00f6tlemise piiramist;<\/li>\n<li>n\u00f5uda isikuandmete \u00fclekandmist.<\/li>\n<\/ul>\n<p>Oma \u00f5iguste teostamiseks peavad kasutajad saatma vastava taotluse aadressile indigolind@gmail.com.<\/p>\n<p>Kui kasutaja on Indigolindi meililisti liige, saab ta end meililistist eemaldada ja edaspidistest meilidest loobuda e-kirja l\u00f5pus oleva lingi kaudu.<\/p>\n<p>K\u00fcpsiste kasutamise piiramiseks saab kasutaja m\u00e4\u00e4rata vastavad valikud oma brauseri seadetes.<\/p>\n<p>Kui kasutaja leiab, et tema \u00f5igusi on isikuandmete t\u00f6\u00f6tlemisel rikutud, on tal \u00f5igus p\u00f6\u00f6rduda Andmekaitse Inspektsiooni poole.<\/p>\n<p><strong>K\u00dcPSISED<\/strong><\/p>\n<p>Indigolindi veebileht kasutab k\u00fcpsiseid, et pakkuda paremat kasutajakogemust ja t\u00f5husamat turundust ning koguda kasutusstatistikat.<\/p>\n<p>Indigolind.com veebilehte kasutades n\u00f5ustub kasutaja k\u00fcpsiste kasutamisega vastavalt k\u00e4esolevale poliitikale.<\/p>\n<p>K\u00fcpsis on v\u00e4ike tekstifail, mille <strong>veebibrauser<\/strong> salvestab automaatselt kasutaja seadmesse. K\u00fcpsiseid v\u00f5ivad luua erinevad teenusepakkujad, n\u00e4iteks Google ja Facebook. K\u00fcpsisefailid ei ole teie arvutile ohtlikud.  <\/p>\n<div id=\"box00\">\n<div id=\"box01\">\n<div id=\"box02\">\n<div id=\"box03\">\n<div id=\"box04\">\n<div id=\"content01\">\n<div class=\"clear colwrapper\">\n<div class=\"col col01\">\n<div class=\"region region-content\">\n<div id=\"block-system-main\" class=\"block block-system\">\n<div class=\"content\">\n<div id=\"node-12507\" class=\"longtext node node-page clear\">\n<div class=\"content\">\n<div class=\"field field-name-body field-type-text-with-summary field-label-hidden\">\n<div class=\"field-items\">\n<div class=\"field-item even\">\n<p>K\u00fcpsiseid on kahte t\u00fc\u00fcpi:<\/p>\n<ol>\n<li><strong>P\u00fcsik\u00fcpsised<\/strong>, mis j\u00e4\u00e4vad p\u00fcsivalt kasutaja arvuti k\u00fcpsisefaili. Neid v\u00f5idakse kasutada n\u00e4iteks selleks, et tunda kasutajat \u00e4ra veebilehe korduvk\u00fclastajana ja kohandada veebilehe sisu kasutaja vajadustele v\u00f5i koguda statistilisi andmeid. <\/li>\n<li><strong>Sessioonik\u00fcpsised<\/strong> on ajutised ja kaovad, kui kasutaja veebilehelt lahkub v\u00f5i brauseri sulgeb. Sessioonik\u00fcpsiseid v\u00f5idakse kasutada veebilehe teatud funktsioonide, n\u00e4iteks teenuse v\u00f5i toote tellimise jms, v\u00f5imaldamiseks. <\/li>\n<\/ol>\n<\/div>\n<\/div>\n<\/div>\n<\/div>\n<\/div>\n<\/div>\n<\/div>\n<\/div>\n<\/div>\n<\/div>\n<\/div>\n<\/div>\n<\/div>\n<\/div>\n<\/div>\n<\/div>\n<p>K\u00fcpsiseid kasutatakse teabe kogumiseks selle kohta, kuidas veebilehte kasutatakse, et muuta see kasutajate jaoks isikup\u00e4rasemaks ja kasutajas\u00f5bralikumaks. Lisaks aitavad k\u00fcpsised koguda kasutajastatistikat, mis aitab m\u00f5\u00f5ta ja parandada veebilehe toimivust ning annab alusandmed t\u00f5husate turundustegevuste l\u00e4biviimiseks. <\/p>\n<p>Kasutaja loetakse k\u00fcpsised aktsepteerinuks, kui k\u00fcpsised on tema brauseri seadetes lubatud. Brauserid lubavad sageli k\u00fcpsiste salvestamist teie seadmesse vaikimisi. Kasutajad saavad k\u00fcpsiste kasutamise oma seadmes keelata v\u00f5i kustutada, muutes oma brauseri seadeid. Kui te k\u00fcpsiseid ei kasuta, ei pruugi veebileht korralikult t\u00f6\u00f6tada. Juhiseid k\u00fcpsiste kustutamise ja seadistamise kohta oma brauseris leiate n\u00e4iteks <a href=\"https:\/\/support.google.com\/chrome\/answer\/95647?hl=en\" target=\"_blank\" rel=\"noopener noreferrer\">Chrome&#8217;i<\/a> ja <a href=\"https:\/\/support.microsoft.com\/en-us\/help\/278835\/how-to-delete-cookie-files-in-internet-explorer\" target=\"_blank\" rel=\"noopener noreferrer\">Internet Exploreri<\/a> kohta.    <\/p>\n<p>Kasutusstatistika kogumiseks kasutab Indigolind.com Google Analyticsi teenust, kogudes andmeid k\u00fclastatud alalehtede, k\u00fclastusaja, k\u00fclastuste arvu, kasutatud seadmete, sisenemise kanalite ja muu statistika kohta.<\/p>\n<p>Google Analytics v\u00f5ib aga koguda andmeid kasutaja tegevuse kohta ka ilma k\u00fcpsisefaile kasutamata. Selleks, et takistada Google Analyticsil andmete kasutamist, saab kasutaja oma seadmesse installida Google Analyticsi <a href=\"https:\/\/tools.google.com\/dlpage\/gaoptout?hl=en\" target=\"_blank\" rel=\"noopener noreferrer\">v\u00e4ljal\u00fclitamise brauserirakenduse<\/a>. <\/p>\n<p>Lisateavet <a href=\"https:\/\/www.facebook.com\/ads\/about\/\" target=\"_blank\" rel=\"noopener noreferrer\">Facebooki reklaamide<\/a> ja <a href=\"https:\/\/www.facebook.com\/business\/a\/facebook-pixel-tracking-benefits\" target=\"_blank\" rel=\"noopener noreferrer\">Facebook Pixeli<\/a> kohta leiate allolevatelt linkidelt.<\/p>\n<p><strong>PRIVAATSUSPOLIITIKA MUUTMINE<\/strong><\/p>\n<p>Indigolind.com j\u00e4tab endale \u00f5iguse privaatsuspoliitikat \u00fchepoolselt ja ette teatamata muuta, et tagada vastavus seadustele. Privaatsuspoliitika uusim versioon on alati veebilehel saadaval. <\/p>\n<p>Palun v\u00f5tke meiega \u00fchendust aadressil indigolind@gmail.com, kui teil on k\u00fcsimusi meie privaatsuspoliitika ja andmet\u00f6\u00f6tluse kohta.<\/p>\t\t\t\t\t\t\t\t<\/div>\n\t\t\t\t\t<\/div>\n\t\t\t\t<\/div>\n\t\t\t\t<\/div>","protected":false},"excerpt":{"rendered":"<p>Isikuandmete t\u00f6\u00f6tlemise p\u00f5him\u00f5tted. Privaatsuspoliitika reguleerib isikuandmete t\u00f6\u00f6tlemist ja k\u00fcpsiste kasutamist Heart Namaste O\u00dc (edaspidi Indigolind.com) veebilehel. M\u00d5ISTED Isikuandmete t\u00f6\u00f6tlemine on<\/p>","protected":false},"author":1,"featured_media":0,"parent":0,"menu_order":0,"comment_status":"closed","ping_status":"open","template":"elementor_header_footer","meta":{"_acf_changed":false,"footnotes":""},"class_list":["post-17700","page","type-page","status-publish","hentry"],"acf":[],"_links":{"self":[{"href":"https:\/\/indigolind.com\/et\/wp-json\/wp\/v2\/pages\/17700","targetHints":{"allow":["GET"]}}],"collection":[{"href":"https:\/\/indigolind.com\/et\/wp-json\/wp\/v2\/pages"}],"about":[{"href":"https:\/\/indigolind.com\/et\/wp-json\/wp\/v2\/types\/page"}],"author":[{"embeddable":true,"href":"https:\/\/indigolind.com\/et\/wp-json\/wp\/v2\/users\/1"}],"replies":[{"embeddable":true,"href":"https:\/\/indigolind.com\/et\/wp-json\/wp\/v2\/comments?post=17700"}],"version-history":[{"count":1,"href":"https:\/\/indigolind.com\/et\/wp-json\/wp\/v2\/pages\/17700\/revisions"}],"predecessor-version":[{"id":17701,"href":"https:\/\/indigolind.com\/et\/wp-json\/wp\/v2\/pages\/17700\/revisions\/17701"}],"wp:attachment":[{"href":"https:\/\/indigolind.com\/et\/wp-json\/wp\/v2\/media?parent=17700"}],"curies":[{"name":"wp","href":"https:\/\/api.w.org\/{rel}","templated":true}]}}