{"id":17694,"date":"2025-08-14T17:55:40","date_gmt":"2025-08-14T17:55:40","guid":{"rendered":"https:\/\/indigolind.com\/tagastuspoliitika\/"},"modified":"2026-01-14T11:08:01","modified_gmt":"2026-01-14T11:08:01","slug":"tagastuspoliitika","status":"publish","type":"page","link":"https:\/\/indigolind.com\/et\/tagastuspoliitika\/","title":{"rendered":"Tagastuspoliitika"},"content":{"rendered":"<div data-elementor-type=\"wp-page\" data-elementor-id=\"17694\" class=\"elementor elementor-17694\" data-elementor-post-type=\"page\">\n\t\t\t\t<div class=\"wd-negative-gap elementor-element elementor-element-71cd9218 e-flex e-con-boxed e-con e-parent\" data-id=\"71cd9218\" data-element_type=\"container\" data-e-type=\"container\">\n\t\t\t\t\t<div class=\"e-con-inner\">\n\t\t\t\t<div class=\"elementor-element elementor-element-1b364561 color-scheme-inherit text-left elementor-widget elementor-widget-text-editor\" data-id=\"1b364561\" data-element_type=\"widget\" data-e-type=\"widget\" data-widget_type=\"text-editor.default\">\n\t\t\t\t\t\t\t\t\t\n<h3>Tagastamine &amp; vahetamine<\/h3>\n<p>Indigolind on valmis h\u00fcvitama v\u00f5i vahetama toote, mis tagastatakse 14 p\u00e4eva jooksul alates ostu k\u00e4ttesaamisest, tingimusel, et toode tagastatakse originaalses seisukorras (originaalpakendis), kasutamata ja koos k\u00f5igi etikettidega.<\/p>\n<p>14-p\u00e4evane periood algab hetkest, mil toode on kliendile \u00fcle antud.<\/p>\n<p>Enne toote vahetamist v\u00f5i tagastamist peab Klient teavitama Indigolindi e-posti teel: <a href=\"mailto:indigolind@gmail.com\">indigolind@gmail.com<\/a>. Indigolind saadab seej\u00e4rel t\u00e4iendava info ja juhised. <\/p>\n<h3>E-kiri peab sisaldama j\u00e4rgmist teavet:<\/h3>\n<ul>\n<li>Kliendi t\u00e4isnimi<\/li>\n<li>Tellimuse number<\/li>\n<li>Toote nimi ja suurus<\/li>\n<li>Tagastamise v\u00f5i vahetamise p\u00f5hjus<\/li>\n<\/ul>\n<h3>Tagastamine SmartPosti pakiautomaadi kaudu<\/h3>\n<p>Kui pakk on saabunud sinisesse pakiautomaati, saab selle 14 p\u00e4eva jooksul tasuta tagastada l\u00e4bi SmartPosti siniste pakiautomaatide Eestis, kasutades sama uksekoodi, millega pakk k\u00e4tte saadi.<\/p>\n<p>Soovi korral v\u00f5ib paki tagastada ka SmartPosti valgest pakiautomaadist, kuid sel juhul tuleb tagastus vormistada iseteeninduses aadressil my.smartpost.ee, kasutades paki triipkoodi.<\/p>\n<p>Muul juhul on tagastuse asukohaks Merimetsa Selveri SmartPosti pakiautomaat Tallinnas ja saaja telefoninumber on 5035125.<br>Kauba tagastamise kulud katab Klient, kui Indigolind ja Klient ei ole teisiti kokku leppinud.<\/p>\n<h3>Oluline teave<\/h3>\n<ul>\n<li>Aura kleidi puhul tuleb \u00f5lapaelad enne karpi panemist lahti siduda!<\/li>\n<li>Palun lisage pakki info tagastaja nime kohta ning m\u00e4rkige, kas tegemist on vahetuse v\u00f5i tagastusega. Vahetuse korral lisage m\u00e4rkus, millist v\u00e4rvi ja suurust kleiti soovite saada. <\/li>\n<\/ul>\n<h3>H\u00fcvitamine<\/h3>\n<p>Kui tagastus on k\u00e4tte saadud ja \u00fcle vaadatud, h\u00fcvitatakse summa v\u00f5imalikult kiiresti, kuid mitte hiljem kui 14 p\u00e4eva jooksul. Raha kantakse samale pangakontole, millelt makse tehti. <\/p>\n<h3>Vahetamine<\/h3>\n<p>Vahetused teostatakse v\u00f5imalikult kiiresti, kui toode on laos saadaval. Kui toodet laos ei ole, tuleb arvestada tootmisajaga. K\u00fcsimuste korral v\u00f5tke palun \u00fchendust: <a href=\"mailto:indigolind@gmail.com\">indigolind@gmail.com<\/a>.  <\/p>\n<p> <\/p>\n<h3>Tagastamine ja vahetamine<\/h3>\n<p>Indigolind on valmis h\u00fcvitama v\u00f5i vahetama toote, mis tagastatakse 14 p\u00e4eva jooksul alates ostu k\u00e4ttesaamisest, tingimusel, et toode tagastatakse originaalses seisukorras (originaalpakendis), kasutamata ja koos k\u00f5igi etikettidega.<\/p>\n<p>14-p\u00e4evane periood algab hetkest, mil toode on kliendile \u00fcle antud.<\/p>\n<p>Enne toote tagastamist v\u00f5i vahetamist peab Klient teavitama Indigolindi e-posti teel: <a href=\"mailto:indigolind@gmail.com\">indigolind@gmail.com<\/a>. Indigolind saadab seej\u00e4rel t\u00e4iendava info ja juhised. <\/p>\n<h3>E-kiri peab sisaldama j\u00e4rgmist teavet:<\/h3>\n<ul>\n<li>Kliendi t\u00e4isnimi<\/li>\n<li>Tellimuse number<\/li>\n<li>Toote nimi ja suurus<\/li>\n<li>Tagastamise v\u00f5i vahetamise p\u00f5hjus<\/li>\n<\/ul>\n<h3>Tagastamine SmartPosti pakiautomaadi kaudu<\/h3>\n<p>Kui pakk on saabunud sinisesse pakiautomaati, saab selle 14 p\u00e4eva jooksul tasuta tagastada l\u00e4bi SmartPosti siniste pakiautomaatide Eestis, kasutades sama uksekoodi, millega pakk k\u00e4tte saadi.<\/p>\n<p>Soovi korral v\u00f5ib paki tagastada ka SmartPosti valgest pakiautomaadist, kuid sel juhul tuleb tagastus vormistada iseteeninduses aadressil my.smartpost.ee, kasutades paki triipkoodi.<\/p>\n<p>Muul juhul on tagastuse asukohaks Merimetsa Selveri SmartPosti pakiautomaat Tallinnas ja saaja telefoninumber on 5035125.<\/p>\n<p>Kauba tagastamise kulud katab Klient, kui Indigolind ja Klient ei ole teisiti kokku leppinud.<\/p>\n<h3>Oluline teave<\/h3>\n<ul>\n<li>Aura kleidi puhul tuleb \u00f5lapaelad enne karpi panemist lahti siduda!<\/li>\n<li>Palun lisage pakki info tagastaja nime kohta ning m\u00e4rkige, kas tegemist on vahetuse v\u00f5i tagastusega. Vahetuse korral lisage m\u00e4rkus, millist v\u00e4rvi ja suurust kleiti soovite saada. <\/li>\n<\/ul>\n<h3>H\u00fcvitamine<\/h3>\n<p>Kui tagastus on k\u00e4tte saadud ja \u00fcle vaadatud, h\u00fcvitatakse summa v\u00f5imalikult kiiresti, kuid mitte hiljem kui 14 p\u00e4eva jooksul. Raha kantakse samale pangakontole, millelt makse tehti.<\/p>\n<h3>Vahetamine<\/h3>\n<p>Vahetused teostatakse v\u00f5imalikult kiiresti, kui toode on laos saadaval. Kui toodet laos ei ole, tuleb arvestada tootmisajaga.<br>K\u00fcsimuste korral v\u00f5tke palun \u00fchendust: indigolind@gmail.com.<\/p>\n\t\t\t\t\t\t\t\t<\/div>\n\t\t\t\t\t<\/div>\n\t\t\t\t<\/div>\n\t\t\t\t<\/div>","protected":false},"excerpt":{"rendered":"<p>Tagastamine &amp; vahetamine Indigolind on valmis h\u00fcvitama v\u00f5i vahetama toote, mis tagastatakse 14 p\u00e4eva jooksul alates ostu k\u00e4ttesaamisest, tingimusel, et<\/p>","protected":false},"author":1,"featured_media":0,"parent":0,"menu_order":0,"comment_status":"closed","ping_status":"closed","template":"elementor_header_footer","meta":{"_acf_changed":false,"footnotes":""},"class_list":["post-17694","page","type-page","status-publish","hentry"],"acf":[],"_links":{"self":[{"href":"https:\/\/indigolind.com\/et\/wp-json\/wp\/v2\/pages\/17694","targetHints":{"allow":["GET"]}}],"collection":[{"href":"https:\/\/indigolind.com\/et\/wp-json\/wp\/v2\/pages"}],"about":[{"href":"https:\/\/indigolind.com\/et\/wp-json\/wp\/v2\/types\/page"}],"author":[{"embeddable":true,"href":"https:\/\/indigolind.com\/et\/wp-json\/wp\/v2\/users\/1"}],"replies":[{"embeddable":true,"href":"https:\/\/indigolind.com\/et\/wp-json\/wp\/v2\/comments?post=17694"}],"version-history":[{"count":3,"href":"https:\/\/indigolind.com\/et\/wp-json\/wp\/v2\/pages\/17694\/revisions"}],"predecessor-version":[{"id":17697,"href":"https:\/\/indigolind.com\/et\/wp-json\/wp\/v2\/pages\/17694\/revisions\/17697"}],"wp:attachment":[{"href":"https:\/\/indigolind.com\/et\/wp-json\/wp\/v2\/media?parent=17694"}],"curies":[{"name":"wp","href":"https:\/\/api.w.org\/{rel}","templated":true}]}}