{"id":16404,"date":"2025-08-14T17:54:04","date_gmt":"2025-08-14T17:54:04","guid":{"rendered":"https:\/\/indigolind.com\/?page_id=16404"},"modified":"2025-08-14T17:54:24","modified_gmt":"2025-08-14T17:54:24","slug":"terms-of-sale","status":"publish","type":"page","link":"https:\/\/indigolind.com\/et\/terms-of-sale\/","title":{"rendered":"M\u00fc\u00fcgitingimused"},"content":{"rendered":"<div data-elementor-type=\"wp-page\" data-elementor-id=\"16404\" class=\"elementor elementor-16404\" data-elementor-post-type=\"page\">\n\t\t\t\t<div class=\"wd-negative-gap elementor-element elementor-element-47492b39 e-flex e-con-boxed e-con e-parent\" data-id=\"47492b39\" data-element_type=\"container\" data-e-type=\"container\">\n\t\t\t\t\t<div class=\"e-con-inner\">\n\t\t\t\t<div class=\"elementor-element elementor-element-4e74cc6d color-scheme-inherit text-left elementor-widget elementor-widget-text-editor\" data-id=\"4e74cc6d\" data-element_type=\"widget\" data-e-type=\"widget\" data-widget_type=\"text-editor.default\">\n\t\t\t\t\t\t\t\t\t\n<p>1. \u00dcLDINE<\/p>\n\n\n\n<p>1.1. Kasutustingimused (edaspidi Kasutustingimused) reguleerivad aadressil https:\/\/indigolind.com asuva veebisaidi (edaspidi Veebisait) kasutamist ja selle kaudu pakutavate kaupade (edaspidi Kaup) m\u00fc\u00fcgitingimusi. Veebisaidi k\u00fclastaja (edaspidi Klient) n\u00f5ustub Veebisaiti kasutades ja Kaupa ostes Kasutustingimustega.<\/p>\n\n\n\n<p>1.2. Veebilehe omanik ja haldaja on Heart Namaste O\u00dc (edaspidi Heart Namaste), aadress Liivalaia tn 11\/1-14, Kesklinna linnaosa, 10118 Tallinn, Harju maakond, \u00e4riregistri kood 12407617, e-post\u00a0indigolind@gmail.com.<\/p>\n\n\n\n<p>1.3. Klient saab Veebilehel pakutavaid Kaupu osta Veebilehe kaudu.<\/p>\n\n\n\n<p>1.4. Kliendiks v\u00f5ivad saada k\u00f5ik f\u00fc\u00fcsilised ja juriidilised isikud.<\/p>\n\n\n\n<p>1.5. Veebisaidilt kaupade ostmiseks peab Klient t\u00e4itma ja kinnitama registreerimisvormi. Klient kinnitab j\u00e4rgmist:<\/p>\n\n\n\n<p>1.5.1. kogu esitatud teave ja tehtud kinnitused on \u00f5iged;<\/p>\n\n\n\n<p>1.5.2. ta on f\u00fc\u00fcsiline isik, kellel on t\u00e4ielik teov\u00f5ime v\u00f5i t\u00e4ielikud \u00f5igused ja volitused Kliendi nimel Kaupu osta. Kliendi ja Kliendi esindaja kinnitusi eeldatakse olevat \u00f5iged ning Tarnija ei ole kohustatud neid kontrollima.<\/p>\n\n\n\n<p>1.6. Veebisaidil oleva teabe ja materjalide kasutamise ja avaldamise \u00f5igus kuulub Heart Namaste'ile.<\/p>\n\n\n\n<p>1.7. Veebisait sisaldab linke kolmandate osapoolte veebisaitidele, mis ei kuulu Heart Namaste'ile. Lingitud materjalidele kl\u00f5psates lahkub Klient Veebisaidilt ja lingitud veebisaidi kasutamisele v\u00f5ivad kehtida tingimused, mis ei kehti Kliendi Veebisaidi kasutamisele. Heart Namaste'il puudub kontroll lingitud veebisaitide \u00fcle ega vastuta nende kasutamise ega seal sisalduva teabe t\u00e4psuse eest.<\/p>\n\n\n\n<h4 class=\"wp-block-heading\">2. KAUPADE OSTMINE VEEBISAIDILT<\/h4>\n\n\n\n<h5 class=\"wp-block-heading\">Ostukorv ja tellimuse esitamine.<\/h5>\n\n\n\n<p>2.1. Kliendi ostukorv (edaspidi \u201eOstukorv\u201c) luuakse hetkel, kui klient kl\u00f5psab nupul \u201eLisa ostukorvi\u201c. Toote lisamine ostukorvi ei kohusta klienti ostma.<\/p>\n\n\n\n<p>2.2. Klient saab Ostukorvis olevate Kaupade kogust muuta ja vajadusel need Ostukorvist eemaldada.<\/p>\n\n\n\n<p>2.3. Ostukorvis olevad kaubad on teistele Klientidele saadaval kuni tellimuse kinnitamiseni.<\/p>\n\n\n\n<p>2.4. Tellimuse esitamiseks kl\u00f5psab Klient nupul \u201eJ\u00e4tka ostuga\u201c. P\u00e4rast ostu sooritamist saadetakse Kliendi e-posti aadressile automaatselt tellimuse kinnitus.<\/p>\n\n\n\n<p>2.5. Tellimuse esitamisel valib Klient kauba makse- ja transpordiviisi. Tellimuses esitatud kontaktandmete t\u00e4psusest s\u00f5ltub Kliendi poolt ostetud toodete t\u00f5rgeteta kohaletoimetamine ja m\u00f5nikord ka v\u00f5imalikest lisakuludest.<\/p>\n\n\n\n<h5 class=\"wp-block-heading\">Tellitud kauba eest tasumine.<\/h5>\n\n\n\n<p>2.6. Klient saab Kauba eest tasuda pangalinkide kaudu v\u00f5i ettemaksuarve alusel (mis saadetakse Kliendi soovil Kliendi e-posti aadressile).<\/p>\n\n\n\n<p>2.7. Veebilehel saab kaupade eest tasuda j\u00e4rgmiste Eesti pankade kaudu: Swedbank, SEB Pank, Luminor, LHV, Coop Pank.<\/p>\n\n\n\n<p>2.8. Kui klient soovib maksta ettemaksuarvega, peaks ta \u00fchendust v\u00f5tma e-posti teel aadressil indigolind@gmail.com. Makselahenduste osas teeb Heart Namaste koost\u00f6\u00f6d Montonio Finance UAB-ga.<\/p>\n\n\n\n<h5 class=\"wp-block-heading\">Transpordiviis, -tingimused ja -aeg.<\/h5>\n\n\n\n<p>2.9. Kaup saadetakse Eestisse, L\u00e4tti, Leetu ja Soome<\/p>\n\n\n\n<p>2.10. Kodumaiste tellimuste puhul kasutame&nbsp;<strong>Itella<\/strong>&nbsp;<strong>SmartPost parcel machine.&nbsp;<\/strong>Rahvusvahelise saatmise korral v\u00f5tke meiega \u00fchendust aadressil indigolind@gmail.com.<\/p>\n\n\n\n<p>2.11. Saatmiskulud kannab ostja ning vastav hinnainfo kuvatakse saatmisviisi juures.<\/p>\n\n\n\n<p>2.12. Eesti-sisesed saadetised (kui toode(d) on koheselt laos saadaval) j\u00f5uavad ostja m\u00e4\u00e4ratud sihtkohta tavaliselt 3-5 t\u00f6\u00f6p\u00e4eva jooksul alates m\u00fc\u00fcgilepingu j\u00f5ustumisest.<\/p>\n\n\n\n<p>2.13. Valige oma eelistatud toote suurus, et vaadata saadavuse \u00fcksikasju. N\u00e4ete koheselt, kas valitud suurus on laos v\u00f5i eeltellimiseks saadaval, tagades sujuva ostukogemuse. Eeltellimuste puhul arvestage t\u00f6\u00f6tlemiseks ja kohaletoimetamiseks umbes 3-4 n\u00e4dalat alates ostukuup\u00e4evast.<\/p>\n\n\n\n<p>2.14. Erandjuhtudel on meil \u00f5igus lasta kaup kohale toimetada 45 kalendrip\u00e4eva jooksul.<\/p>\n\n\n\n<h4 class=\"wp-block-heading\">3. HIND JA VALUUTA<\/h4>\n\n\n\n<p>3.1. Veebilehel pakutavate Kaupade hind on esitatud eurodes, ilma transpordikuludeta (kui Veebilehel ei ole teisiti m\u00e4rgitud).<\/p>\n\n\n\n<p>3.2. Heart Namaste O\u00dc on k\u00e4ibemaksuvaba ettev\u00f5te.<\/p>\n\n\n\n<h4 class=\"wp-block-heading\">4. KLIENDI \u00d5IGUSED JA KOHUSTUSED<\/h4>\n\n\n\n<p>4.1. Klient kohustub Veebisaiti kasutama ainult Kasutustingimustes s\u00e4testatud eesm\u00e4rkidel. Kliendil on keelatud Veebisaiti kasutada ebaseaduslikeks tehinguteks ja\/v\u00f5i pettuseks.<\/p>\n\n\n\n<p>4.2. Klient kohustub Kauba eest tasuma pakkumises n\u00e4idatud hinna.<\/p>\n\n\n\n<p>4.3. Klient garanteerib, et Veebilehe kasutamisel Kliendi poolt sisestatud andmed ja Kliendi kontaktandmed (nimi, telefoninumber, e-posti aadress jne) on t\u00f5esed, t\u00e4ielikud ja ajakohased.<\/p>\n\n\n\n<p>4.4. Klient kohustub hoidma Veebilehe kasutamiseks antud kasutajatunnust ja parooli selliselt, et need ei satuks kolmandate isikute k\u00e4tte, v\u00e4lja arvatud juhul, kui Klient on volitanud selliseid kolmandaid isikuid ennast Veebilehe kasutamisel ja Kaupade ostmisel esindama.<\/p>\n\n\n\n<p>4.5. Klient teavitab Heart Namastet viivitamatult k\u00f5ikidest andmetest ja asjaoludest, mis on muutunud v\u00f5rreldes andmete ja asjaoludega, mis Kliendi poolt Veebilehel Kliendiks registreerumisel esitati.<\/p>\n\n\n\n<p>4.6. Klient kohustub viivitamatult teavitama Heart Namastet Veebisaidi kasutamiseks antud kasutajanime ja\/v\u00f5i parooli kadumisest v\u00f5i selle avalikustamisest kolmandatele isikutele.<\/p>\n\n\n\n<h3 class=\"wp-block-heading\">&nbsp;<\/h3>\n\n\n\n<h4 class=\"wp-block-heading\">5. ELUKESKED \u00d5IGUSED JA KOHUSTUSED<\/h4>\n\n\n\n<p>5.1. Heart Namaste v\u00f5ib igal ajal oma \u00e4ran\u00e4gemise j\u00e4rgi muuta, t\u00e4iendada, asendada v\u00f5i kustutada Kasutustingimusi ja Veebisaidil pakutavate Kaupade hinda, m\u00fc\u00fcgitingimusi ja muud teavet.<\/p>\n\n\n\n<p>5.2. Kasutustingimuste, Kauba hinna ja muu teabe muudatused ja t\u00e4iendused j\u00f5ustuvad muudatuste Veebilehel tegemise hetkest. Kui Klient on enne muudatuse j\u00f5ustumist esitanud tellimuse, kehtivad Kliendile tellimuse esitamise ajal kehtinud tingimused, v\u00e4lja arvatud juhul, kui seaduses v\u00f5i Kasutustingimustes on s\u00e4testatud teisiti.<\/p>\n\n\n\n<p>5.3. Heart Namaste'il on \u00f5igus piirata v\u00f5i t\u00fchistada Kliendi \u00f5igus Veebisaiti kasutada, sealhulgas sulgeda tema kasutajakonto ja mitte lubada tal uuesti Kliendiks registreeruda, kui Klient rikub Kasutustingimusi v\u00f5i nendest tulenevaid kohustusi, kui ta on esitanud vale- v\u00f5i eksitavat teavet v\u00f5i k\u00e4itub muul viisil pahatahtlikult.<\/p>\n\n\n\n<h3 class=\"wp-block-heading\">&nbsp;<\/h3>\n\n\n\n<h4 class=\"wp-block-heading\">6. TELLIMUSE T\u00dcHISTAMINE, KAUBA TAGASTAMINE JA RAHA TAGASTAMINE<\/h4>\n\n\n\n<p>6.1. Kui Kaup ei sobi v\u00f5i ei vasta Kliendi ootustele, on Kliendil \u00f5igus see M\u00fc\u00fcjale tagastada 14 p\u00e4eva jooksul alates Kauba k\u00e4ttesaamisest. Sama t\u00e4htaja jooksul on Kliendil \u00f5igus sobimatu Kaup samav\u00e4\u00e4rse Kauba vastu vahetada, tingimusel et sobimatu Kaup on avamata ja originaalpakendis.<\/p>\n\n\n\n<p>6.2. Kauba tagastamise v\u00f5i vahetamise soovi korral peab Klient saatma oma andmete ja pangakonto numbriga taotluse Heart Namastele e-posti teel aadressile indigolind@gmail.com.<\/p>\n\n\n\n<p>6.3. Kauba tagastamise v\u00f5i vahetamise korral on Klient kohustatud Kauba Ettev\u00f5ttele tagastama p\u00f5hjendamatu viivituseta, kuid mitte hiljem kui 14 p\u00e4eva jooksul alates taotluse esitamise kuup\u00e4evast, v\u00e4lja arvatud juhul, kui Ettev\u00f5te ja Klient on kokku leppinud teisiti. Tagastatud Kaup peab olema kasutamata ja originaalpakendis.<\/p>\n\n\n\n<p>6.4. Heart Namaste kannab tagastatud Kauba eest raha Kliendi pangakontole, millest on maha arvatud saatmiskulud, kuid mitte hiljem kui 14 p\u00e4eva jooksul alates Kauba k\u00e4ttesaamisest Heart Namaste poolt. Kauba tagastamisega seotud otsesed kulud kannab Klient, v\u00e4lja arvatud juhul, kui Heart Namaste ja Klient on kokku leppinud teisiti.<\/p>\n\n\n\n<h3 class=\"wp-block-heading\">&nbsp;<\/h3>\n\n\n\n<h4 class=\"wp-block-heading\">7. KLIENDI ISIKUANDMETE T\u00d6\u00d6TLEMISE P\u00d5HIM\u00d5TTED<\/h4>\n\n\n\n<p>7.1. Heart Namaste t\u00f6\u00f6tleb Kliendi isikuandmeid Kliendi esitatud ostutellimuste t\u00e4itmiseks.<\/p>\n\n\n\n<p>7.2. Lisaks t\u00f6\u00f6tleb Heart Namaste Kliendi isikuandmeid \u00e4riteadete, reklaammaterjalide ja teabe saatmise eesm\u00e4rgil Heart Namaste pakutavate Kaupade ja tegevuste kohta, kui Klient on selleks soovi avaldanud.<\/p>\n\n\n\n<p>7.3. Heart Namaste kogub ja s\u00e4ilitab Kliendi isikuandmeid elektroonilisel kujul ning vajadusel teeb neist v\u00e4ljav\u00f5tteid muul kujul. Heart Namaste'il on \u00f5igus s\u00e4ilitada Kliendi isikuandmeid ajavahemikuks, mis on vajalik Veebilehel avaldatud pakkumistest tulenevate kohustuste t\u00e4itmiseks.<\/p>\n\n\n\n<p>7.4. Heart Namaste'il on \u00f5igus edastada Kliendi isikuandmeid Heart Namaste poolt valitud ja ostutehingu sooritamisega seotud kolmandatele isikutele (nt kullerteenuse pakkuja, postiteenus).<\/p>\n\n\n\n<p>7.5. Kliendil on \u00f5igus teada, millised tema kohta k\u00e4ivad andmed Heart Namaste andmebaasis sisalduvad, esitades p\u00e4ringu Heart Namaste veebisaidil m\u00e4rgitud e-posti aadressile. Kliendil on \u00f5igus oma isikuandmeid muuta ja parandada.<\/p>\n\n\n\n<p>7.6. Kliendil on \u00f5igus igal ajal tagasi v\u00f5tta n\u00f5usolek isikuandmete t\u00f6\u00f6tlemiseks Heart Namaste poolt, n\u00f5uda isikuandmete t\u00f6\u00f6tlemise l\u00f5petamist ning kogutud isikuandmete kustutamist v\u00f5i blokeerimist, samuti kasutajakonto sulgemist. Selleks esitab Klient taotluse Heart Namaste veebisaidil n\u00e4idatud e-posti aadressile. N\u00f5usoleku tagasiv\u00f5tmisel ei ole tagasiulatuvat j\u00f5udu.<\/p>\n\n\n\n<h4 class=\"wp-block-heading\">8. Isikuandmete t\u00f6\u00f6tlemine<\/h4>\n\n\n\n<p>8.1. Veebisait kasutab Kliendi isikuandmeid m\u00fc\u00fcgilepingu t\u00e4itmiseks.<br>8.2. Palun lugege meie&nbsp;<a href=\"https:\/\/old.elusvali.ee\/isikuandmetetootlemine\/\" target=\"_blank\" rel=\"noreferrer noopener\">Privaatsuspoliitika.<\/a><\/p>\n\n\n\n<h4 class=\"wp-block-heading\">9. KAUBA MITTEVASTAVUS M\u00dc\u00dcGITINGIMUSTELE JA VASTUTUS<\/h4>\n\n\n\n<p>9.1. Veebilehel m\u00fc\u00fcgiks pakutava Kauba mittevastavuse korral m\u00fc\u00fcgitingimustele peab Klient esitama Heart Namastele kaebuse e-posti teel aadressile indigolind@gmail.com, m\u00e4rkides \u00e4ra Kliendi nime, kontakttelefoninumbri, tellimuse numbri ja Kauba mittevastavuse v\u00f5i puuduse t\u00e4pse kirjelduse.<\/p>\n\n\n\n<p>9.2. Klient peab esitama pretensiooni 15 p\u00e4eva jooksul alates Kauba k\u00e4ttesaamisest. Heart Namaste vaatab pretensioonid l\u00e4bi ja vastab Kliendile esimesel v\u00f5imalusel, kuid mitte hiljem kui 15 p\u00e4eva jooksul alates pretensiooni k\u00e4ttesaamisest.<\/p>\n\n\n\n<p>9.3. Heart Namaste vastutab Kliendi ees Heart Namaste poolt Kasutustingimuste rikkumisega tekitatud kahju eest Eesti Vabariigis kehtivate \u00f5igusaktidega s\u00e4testatud juhtudel ja ulatuses.<\/p>\n\n\n\n<p>9.4. Klient vastutab Heart Namaste ees Kliendi poolt Kasutustingimuste rikkumisega tekitatud kahju eest Eesti Vabariigis kehtivate \u00f5igusaktidega s\u00e4testatud juhtudel ja ulatuses.<\/p>\n\n\n\n<p>9.5. Heart Namaste ei vastuta Kliendi s\u00fc\u00fcl v\u00f5i hooletuse t\u00f5ttu Kaubale tekitatud kahjude, Kauba mittevalest kasutamisest tingitud puuduste ega Kauba transportimisel tekkinud kahjude eest.<\/p>\n\n\n\n<p>9.6. Kumbki pool ei vastuta teise poole ees ja tema k\u00e4itumist ei loeta Kasutustingimuste rikkumiseks seoses tema viivituse v\u00f5i kohustuste t\u00e4itmata j\u00e4tmisega, kui sellise viivituse v\u00f5i t\u00e4itmata j\u00e4tmise p\u00f5hjus oli v\u00e4ljaspool tema m\u00f5istlikku kontrolli (v\u00e4\u00e4ramatu j\u00f5ud).<\/p>\n\n\n\n<h3 class=\"wp-block-heading\">&nbsp;<\/h3>\n\n\n\n<h4 class=\"wp-block-heading\">10. MUUD TINGIMUSED<\/h4>\n\n\n\n<p>10.1. K\u00f5ik Elukeskkonna teated ja teave Kliendile saadetakse elektrooniliselt Kliendi poolt konto registreerimisel esitatud kontaktandmete kaudu. K\u00f5ik Kliendi teated ja teave Elumaailmale saadetakse Veebilehel avaldatud kontaktandmete kaudu.<\/p>\n\n\n\n<p>10.2. Kui m\u00f5ni Kasutustingimuste s\u00e4te osutub vastuolus seaduse s\u00e4tetega, ei muuda see kehtetuks \u00fchtegi teist Kasutustingimuste s\u00e4tet. Sellisel juhul asendatakse kehtetu s\u00e4te seadusega.<\/p>\n\n\n\n<p>10.3. Kasutustingimused kehtivad alates hetkest, mil Klient need Veebisaidil aktsepteerib, ja kehtivad Kliendi ja Pakkuja vahelise \u00f5igussuhte kestuse jooksul, mida reguleerivad Kasutustingimused.<\/p>\n\n\n\n<p>10.4. Veebilehe kasutamisest tulenevatele \u00f5igussuhetele Kliendi ja Heart Namaste vahel kohaldatakse Eesti Vabariigis kehtivat \u00f5igust.<\/p>\n\n\n\n<p>10.5. Veebilehe kasutamisest tulenevad vaidlused lahendatakse Kliendi ja Heart Namaste vaheliste l\u00e4bir\u00e4\u00e4kimiste teel. Kokkuleppele mittej\u00f5udmise korral lahendab vaidluse Harju Maakohus.<\/p>\n\n\n\n<p>10.6. Kui vaidlusi ei \u00f5nnestu l\u00e4bir\u00e4\u00e4kimiste teel lahendada, v\u00f5ib Tarbijast Klient p\u00f6\u00f6rduda n\u00f5u ja selgituste saamiseks ka Tarbijakaitseameti poole (Pronksi 12, Tallinn 10117, www.tarbijakaitseamet.ee) v\u00f5i suunata vaidluse Tarbijakaitseameti tarbijavaidluste komisjonile. Kaebusi saab Tarbijavaidluste komisjonile esitada ka veebip\u00f5hise vaidluste lahendamise platvormi kaudu aadressil&nbsp;<a href=\"http:\/\/ec.europa.eu\/odr\">http:\/\/ec.europa.eu\/odr, and<\/a>&nbsp;protseduurireeglitega saab tutvuda aadressil&nbsp;<a href=\"http:\/\/www.tarbijakaitseamet.ee\/\">www.tarbijakaitseamet.ee<\/a>.<\/p>\n\t\t\t\t\t\t\t\t<\/div>\n\t\t\t\t\t<\/div>\n\t\t\t\t<\/div>\n\t\t\t\t<\/div>","protected":false},"excerpt":{"rendered":"<p>1. GENERAL 1.1. The Terms and Conditions of Use (hereinafter the Terms and Conditions of Use) regulate the use of<\/p>","protected":false},"author":1,"featured_media":0,"parent":0,"menu_order":0,"comment_status":"closed","ping_status":"closed","template":"elementor_header_footer","meta":{"_acf_changed":false,"footnotes":""},"class_list":["post-16404","page","type-page","status-publish","hentry"],"acf":[],"_links":{"self":[{"href":"https:\/\/indigolind.com\/et\/wp-json\/wp\/v2\/pages\/16404","targetHints":{"allow":["GET"]}}],"collection":[{"href":"https:\/\/indigolind.com\/et\/wp-json\/wp\/v2\/pages"}],"about":[{"href":"https:\/\/indigolind.com\/et\/wp-json\/wp\/v2\/types\/page"}],"author":[{"embeddable":true,"href":"https:\/\/indigolind.com\/et\/wp-json\/wp\/v2\/users\/1"}],"replies":[{"embeddable":true,"href":"https:\/\/indigolind.com\/et\/wp-json\/wp\/v2\/comments?post=16404"}],"version-history":[{"count":4,"href":"https:\/\/indigolind.com\/et\/wp-json\/wp\/v2\/pages\/16404\/revisions"}],"predecessor-version":[{"id":16409,"href":"https:\/\/indigolind.com\/et\/wp-json\/wp\/v2\/pages\/16404\/revisions\/16409"}],"wp:attachment":[{"href":"https:\/\/indigolind.com\/et\/wp-json\/wp\/v2\/media?parent=16404"}],"curies":[{"name":"wp","href":"https:\/\/api.w.org\/{rel}","templated":true}]}}