{"id":13,"date":"2025-08-14T17:55:40","date_gmt":"2025-08-14T17:55:40","guid":{"rendered":"http:\/\/indigolind.com\/?page_id=13"},"modified":"2026-01-26T20:13:19","modified_gmt":"2026-01-26T20:13:19","slug":"return-policy","status":"publish","type":"page","link":"https:\/\/indigolind.com\/et\/return-policy\/","title":{"rendered":"Tagastuspoliitika"},"content":{"rendered":"<div data-elementor-type=\"wp-page\" data-elementor-id=\"13\" class=\"elementor elementor-13\" data-elementor-post-type=\"page\">\n\t\t\t\t<div class=\"wd-negative-gap elementor-element elementor-element-71cd9218 e-flex e-con-boxed e-con e-parent\" data-id=\"71cd9218\" data-element_type=\"container\" data-e-type=\"container\">\n\t\t\t\t\t<div class=\"e-con-inner\">\n\t\t\t\t<div class=\"elementor-element elementor-element-1b364561 color-scheme-inherit text-left elementor-widget elementor-widget-text-editor\" data-id=\"1b364561\" data-element_type=\"widget\" data-e-type=\"widget\" data-widget_type=\"text-editor.default\">\n\t\t\t\t\t\t\t\t\t\n<h3>Tagastamine ja vahetamine<\/h3>\n<p>Indigolind tagastab raha v\u00f5i vahetab toote 14 p\u00e4eva jooksul alates ostukuup\u00e4evast tingimusel, et toode tagastatakse originaalpakendis, kasutamata kujul ja k\u00f5ik etiketid on kaasas.<\/p>\n<p>Toote ostmisel hakkab 14-p\u00e4evane piirang kulgema hetkest, mil toode on Kliendile \u00fcle antud.<\/p>\n<p>Enne toote vahetamist v\u00f5i tagastamist peab Klient Indigolindi e-posti teel teavitama:\u00a0<a href=\"mailto:indigolind@gmail.com\">indigolind@gmail.com<\/a>Seej\u00e4rel teavitab Indigolind klienti lisateabe ja juhistega.<\/p>\n<h3>E-kiri peaks sisaldama j\u00e4rgmist teavet:<\/h3>\n<ul>\n<li>Kliendi t\u00e4isnimi<\/li>\n<li>Tellimuse number<\/li>\n<li>Toote nimi ja suurus<\/li>\n<li>Tagastamise v\u00f5i vahetamise p\u00f5hjus<\/li>\n<\/ul>\n<h3>Tagastamine SmartPosti pakiautomaadiga<\/h3>\n<p>Kui pakk saabub sinisesse pakiautomaati, saab selle 14 p\u00e4eva jooksul tasuta tagastada Smartposti siniste pakiautomaatide kaudu k\u00f5ikjale \u00fcle Eesti, kasutades sama uksekoodi, millega paki k\u00e4tte saite.<\/p>\n<p>Soovi korral saate paki tagastada ka valgest SmartPosti pakiautomaadist, sellisel juhul tuleb tagastamine vormistada my.smartpost.ee iseteeninduse kaudu paki triipkoodi abil.<\/p>\n<p>Vastasel juhul on tagastuskohaks Merimetsa Selveri SmartPosti pakiautomaat Tallinnas ja saaja number on 5035125.<br \/>Kauba tagastamise otsesed kulud kannab Klient, v\u00e4lja arvatud juhul, kui Indigolind ja Klient on kokku leppinud teisiti.<\/p>\n<h3>Oluline teave<\/h3>\n<ul>\n<li>Aura kleidi puhul tuleb enne karpi panemist \u00f5larihmad lahti siduda!<\/li>\n<li>Palun lisage pakki j\u00e4rgmine teave: tagastatava nimi ja kas tegemist on vahetuse v\u00f5i tagastusega. Vahetuse korral palun j\u00e4tke kirjalik m\u00e4rkus, milles on m\u00e4rgitud, millist v\u00e4rvi ja suurusega kleiti soovite.<\/li>\n<\/ul>\n<h3>Tagasimaksed<\/h3>\n<p>Kui kliendi tagastus on laekunud ja \u00fcle vaadatud, kantakse raha tagasi niipea kui v\u00f5imalik, kuid mitte hiljem kui 14 p\u00e4eva jooksul. Raha kantakse tagasi samale pangakontole, millelt tasuti.<\/p>\n<h3>Vahetused<\/h3>\n<p>Vahetused tehakse esimesel v\u00f5imalusel, kui toode on laos olemas. Kui toodet laos pole, tuleb arvestada tootmisajaga. K\u00fcsimuste korral v\u00f5tke meiega \u00fchendust.\u00a0<a href=\"mailto:indigolind@gmail.com\">indigolind@gmail.com<\/a>.<\/p>\n\t\t\t\t\t\t\t\t<\/div>\n\t\t\t\t\t<\/div>\n\t\t\t\t<\/div>\n\t\t\t\t<\/div>","protected":false},"excerpt":{"rendered":"<p>Returns &amp; Exchanges Indigolind is happy to refund or exchange any product returned within 14 days of purchase if it<\/p>","protected":false},"author":1,"featured_media":0,"parent":0,"menu_order":0,"comment_status":"closed","ping_status":"closed","template":"elementor_header_footer","meta":{"_acf_changed":false,"footnotes":""},"class_list":["post-13","page","type-page","status-publish","hentry"],"acf":[],"_links":{"self":[{"href":"https:\/\/indigolind.com\/et\/wp-json\/wp\/v2\/pages\/13","targetHints":{"allow":["GET"]}}],"collection":[{"href":"https:\/\/indigolind.com\/et\/wp-json\/wp\/v2\/pages"}],"about":[{"href":"https:\/\/indigolind.com\/et\/wp-json\/wp\/v2\/types\/page"}],"author":[{"embeddable":true,"href":"https:\/\/indigolind.com\/et\/wp-json\/wp\/v2\/users\/1"}],"replies":[{"embeddable":true,"href":"https:\/\/indigolind.com\/et\/wp-json\/wp\/v2\/comments?post=13"}],"version-history":[{"count":5,"href":"https:\/\/indigolind.com\/et\/wp-json\/wp\/v2\/pages\/13\/revisions"}],"predecessor-version":[{"id":18482,"href":"https:\/\/indigolind.com\/et\/wp-json\/wp\/v2\/pages\/13\/revisions\/18482"}],"wp:attachment":[{"href":"https:\/\/indigolind.com\/et\/wp-json\/wp\/v2\/media?parent=13"}],"curies":[{"name":"wp","href":"https:\/\/api.w.org\/{rel}","templated":true}]}}